{"id":7533,"date":"2024-03-16T18:30:10","date_gmt":"2024-03-16T18:30:10","guid":{"rendered":"http:\/\/icc-m.btvi-marketing-consultants.de\/?page_id=7533"},"modified":"2024-07-31T14:33:37","modified_gmt":"2024-07-31T14:33:37","slug":"our-philosophy","status":"publish","type":"page","link":"https:\/\/www.icc-m.de\/en\/dental-clinic\/our-philosophy\/","title":{"rendered":"Our Practice Philosophy"},"content":{"rendered":"\t\t<div data-elementor-type=\"wp-page\" data-elementor-id=\"7533\" class=\"elementor elementor-7533 elementor-2879\" data-elementor-post-type=\"page\">\n\t\t\t\t\t\t<section class=\"elementor-section elementor-top-section elementor-element elementor-element-8e018ce elementor-section-full_width elementor-section-height-min-height elementor-section-stretched elementor-section-height-default elementor-section-items-middle\" data-id=\"8e018ce\" data-element_type=\"section\" data-e-type=\"section\" data-settings=\"{&quot;stretch_section&quot;:&quot;section-stretched&quot;}\">\n\t\t\t\t\t\t<div class=\"elementor-container elementor-column-gap-no\">\n\t\t\t\t\t<div class=\"elementor-column elementor-col-100 elementor-top-column elementor-element elementor-element-dccd309\" data-id=\"dccd309\" data-element_type=\"column\" data-e-type=\"column\">\n\t\t\t<div class=\"elementor-widget-wrap elementor-element-populated\">\n\t\t\t\t\t\t<div class=\"elementor-element elementor-element-c630945 elementor-widget elementor-widget-ucaddon_content_slider_new\" data-id=\"c630945\" data-element_type=\"widget\" data-e-type=\"widget\" data-widget_type=\"ucaddon_content_slider_new.default\">\n\t\t\t\t<div class=\"elementor-widget-container\">\n\t\t\t\t\t\n<!-- start Content Slider -->\n\t\t<link id='font-awesome-css' href='https:\/\/www.icc-m.de\/wp-content\/plugins\/unlimited-elements-for-elementor-premium\/assets_libraries\/font-awesome6\/fontawesome-all.min.css' type='text\/css' rel='stylesheet' >\n\t\t<link id='font-awesome-4-shim-css' href='https:\/\/www.icc-m.de\/wp-content\/plugins\/unlimited-elements-for-elementor-premium\/assets_libraries\/font-awesome6\/fontawesome-v4-shims.min.css' type='text\/css' rel='stylesheet' >\n\t\t<link id='owl-carousel-css' href='https:\/\/www.icc-m.de\/wp-content\/plugins\/unlimited-elements-for-elementor-premium\/assets_libraries\/owl-carousel-new\/assets\/owl.carousel.css' type='text\/css' rel='stylesheet' >\n\t\t<link id='fancybox-css' href='https:\/\/www.icc-m.de\/wp-content\/plugins\/unlimited-elements-for-elementor-premium\/assets_libraries\/fancybox3\/jquery.fancybox.min.css' type='text\/css' rel='stylesheet' >\n\t\t<link id='uc_ac_assets_file_animate_css_77907-css' href='https:\/\/www.icc-m.de\/wp-content\/uploads\/ac_assets\/uc_content_slider_new\/animate.css' type='text\/css' rel='stylesheet' >\n\n<style>\/* widget: Content Slider *\/\n\n#uc_content_slider_new_elementor_c630945-wrapper\n{\n  min-height:1px;\n}\n#uc_content_slider_new_elementor_c630945 .uc_fbps_slide\n{\n  position:relative;\n  overflow:hidden;\n  display:flex;\n  \n}\n\n#uc_content_slider_new_elementor_c630945 .owl-carousel .animated   {\n-webkit-animation-duration: 2000ms;\nanimation-duration: 2000ms;\n}\n\n#uc_content_slider_new_elementor_c630945 .uc_fbps_container_image img\n{\n  display:inline-block;\n}\n\n#uc_content_slider_new_elementor_c630945 .uc_fbps_content\n{\n  position:relative;\n}\n\n.uc_fbps_container_title\n{\n  font-size:21px;\n}\n\n#uc_content_slider_new_elementor_c630945 .ue-btn {\n\ttext-decoration:none;\n\ttransition: all 0.5s ease;\n    text-align:center;\n}\n\n#uc_content_slider_new_elementor_c630945 .ue-item-overlay\n{\n  position:absolute;\n  top:0px;\n  left:0px;\n  right:0px;\n  bottom:0px;\n}\n\n#uc_content_slider_new_elementor_c630945 .ue-item-image\n{\n  background-repeat:no-repeat;\n  position:absolute;\n  top:0px;\n  left:0px;\n  right:0px;\n  bottom:0px;\n}\n\n#uc_content_slider_new_elementor_c630945 .owl-dots {\noverflow:hidden;\ntext-align:center;\nposition:relative;\nz-index:2;\n}\n\n#uc_content_slider_new_elementor_c630945 .owl-dot {\nborder-radius:50%;\ndisplay:inline-block;\n}\n\n#uc_content_slider_new_elementor_c630945 .owl-nav .owl-prev{\n    position:absolute;\n    display:inline-block;\n    text-align:center;\n}\n#uc_content_slider_new_elementor_c630945 .owl-nav .owl-next{\n  position:absolute;\n  display:inline-block;\n  text-align:center;\n}\n\n#uc_content_slider_new_elementor_c630945 .owl-nav .disabled\n{\n    display: none;  \n}\n\n\n#uc_content_slider_new_elementor_c630945 .ue-item-icon\n{\n  line-height:1em;\n  display:inline-flex;\n  justify-content:center;\n  align-items:center;\n  \n}\n\n#uc_content_slider_new_elementor_c630945 .ue-item-icon svg\n{\n  height:1em;\n  width:1em;\n}\n\n\t\n\n\n\n\n\n\n\n\n<\/style>\n\n<div id=\"uc_content_slider_new_elementor_c630945-wrapper\">\n<div class=\"uc_fixed_box_postslider\" id=\"uc_content_slider_new_elementor_c630945\" style=\"direction:ltr;\">\n        <div class=\"uc_fbps_container\">\n            <div id=\"slider-uc_content_slider_new_elementor_c630945\" class=\"owl-carousel uc-items-wrapper  \"   data-lightbox=\"false\">\n            \t<div class=\"uc_fbps_slide elementor-repeater-item-eecca00\" >\n  <div style=\"background-image:url(https:\/\/www.icc-m.de\/wp-content\/uploads\/2024\/07\/DSC02546.jpg);\" class=\"ue-item-image\"><\/div>\n  \n    \t<div class=\"ue-item-overlay\"><\/div>\n      \n        <div class=\"uc_fbps_content \">\n                          \n      \t\t        \n        \n        \n              <\/div>\n        \n    \n        \n    \n    \n \n<\/div>\n\n            <\/div>\n        <\/div>\n<\/div>\n<\/div>\n<!-- end Content Slider -->\t\t\t\t<\/div>\n\t\t\t\t<\/div>\n\t\t\t\t\t<\/div>\n\t\t<\/div>\n\t\t\t\t\t<\/div>\n\t\t<\/section>\n\t\t\t\t<section class=\"elementor-section elementor-top-section elementor-element elementor-element-a5ca217 elementor-section-boxed elementor-section-height-default elementor-section-height-default\" data-id=\"a5ca217\" data-element_type=\"section\" data-e-type=\"section\">\n\t\t\t\t\t\t<div class=\"elementor-container elementor-column-gap-default\">\n\t\t\t\t\t<div class=\"elementor-column elementor-col-100 elementor-top-column elementor-element elementor-element-67dd534\" data-id=\"67dd534\" data-element_type=\"column\" data-e-type=\"column\">\n\t\t\t<div class=\"elementor-widget-wrap elementor-element-populated\">\n\t\t\t\t\t\t<section class=\"elementor-section elementor-inner-section elementor-element elementor-element-0bc1b39 elementor-section-boxed elementor-section-height-default elementor-section-height-default\" data-id=\"0bc1b39\" data-element_type=\"section\" data-e-type=\"section\">\n\t\t\t\t\t\t<div class=\"elementor-container elementor-column-gap-default\">\n\t\t\t\t\t<div class=\"elementor-column elementor-col-100 elementor-inner-column elementor-element elementor-element-ee0d3f0\" data-id=\"ee0d3f0\" data-element_type=\"column\" data-e-type=\"column\">\n\t\t\t<div class=\"elementor-widget-wrap elementor-element-populated\">\n\t\t\t\t\t\t<div class=\"elementor-element elementor-element-f4e1eb1 elementor-widget elementor-widget-spacer\" data-id=\"f4e1eb1\" data-element_type=\"widget\" data-e-type=\"widget\" data-widget_type=\"spacer.default\">\n\t\t\t\t<div class=\"elementor-widget-container\">\n\t\t\t\t\t\t\t<div class=\"elementor-spacer\">\n\t\t\t<div class=\"elementor-spacer-inner\"><\/div>\n\t\t<\/div>\n\t\t\t\t\t\t<\/div>\n\t\t\t\t<\/div>\n\t\t\t\t<div class=\"elementor-element elementor-element-ce4dc25 elementor-widget elementor-widget-heading\" data-id=\"ce4dc25\" data-element_type=\"widget\" data-e-type=\"widget\" data-widget_type=\"heading.default\">\n\t\t\t\t<div class=\"elementor-widget-container\">\n\t\t\t\t\t<h1 class=\"elementor-heading-title elementor-size-default\">Our Practice Philosophy<\/h1>\t\t\t\t<\/div>\n\t\t\t\t<\/div>\n\t\t\t\t<div class=\"elementor-element elementor-element-5e2390f elementor-widget elementor-widget-heading\" data-id=\"5e2390f\" data-element_type=\"widget\" data-e-type=\"widget\" data-widget_type=\"heading.default\">\n\t\t\t\t<div class=\"elementor-widget-container\">\n\t\t\t\t\t<h2 class=\"elementor-heading-title elementor-size-default\">Giving you greater quality of life is our goal every day.<\/h2>\t\t\t\t<\/div>\n\t\t\t\t<\/div>\n\t\t\t\t<div class=\"elementor-element elementor-element-4afad5a elementor-widget elementor-widget-heading\" data-id=\"4afad5a\" data-element_type=\"widget\" data-e-type=\"widget\" data-widget_type=\"heading.default\">\n\t\t\t\t<div class=\"elementor-widget-container\">\n\t\t\t\t\t<h3 class=\"elementor-heading-title elementor-size-default\">You are in the center of our attention.<\/h3>\t\t\t\t<\/div>\n\t\t\t\t<\/div>\n\t\t\t\t<div class=\"elementor-element elementor-element-60bf720 elementor-widget elementor-widget-text-editor\" data-id=\"60bf720\" data-element_type=\"widget\" data-e-type=\"widget\" data-widget_type=\"text-editor.default\">\n\t\t\t\t<div class=\"elementor-widget-container\">\n\t\t\t\t\t\t\t\t\t<p>At our practice, patients and their individual needs always come first. Following an extensive examination and diagnosis, we take the time to give you comprehensive advice. Together with you, we develop a treatment program that is right for you and based on the latest scientific and medical innovations. What is important to us is that you are comfortable and receive optimal care. We are a treatment center and, based on our experience, we can provide complete care. Treatment is focused on achieving a long-term, sustainable, and natural-looking result that meets our high standards in quality and aesthetics. Regaining a part of your quality of life is our goal.<\/p><p>Our training in prosthetic dentistry allows us to select the latest dental technologies and prosthetics partners for your care. Good dental prosthetics not only achieve a natural look, but also consist of high-grade materials. Our highest priorities are quality, aesthetics, and function. However, your dental health is of particular importance to us because having your own teeth is always better than any prosthesis or implant. Our practice has trained prophylaxis and periodontics specialists who focus their energies on the care, maintenance, and restoration of your oral health. Upon request and by referral, we work in close collaboration with the referring colleague. Together with you, we look forward to finding the solution that is right for you.<\/p>\t\t\t\t\t\t\t\t<\/div>\n\t\t\t\t<\/div>\n\t\t\t\t<div class=\"elementor-element elementor-element-b4608f1 elementor-widget elementor-widget-spacer\" data-id=\"b4608f1\" data-element_type=\"widget\" data-e-type=\"widget\" data-widget_type=\"spacer.default\">\n\t\t\t\t<div class=\"elementor-widget-container\">\n\t\t\t\t\t\t\t<div class=\"elementor-spacer\">\n\t\t\t<div class=\"elementor-spacer-inner\"><\/div>\n\t\t<\/div>\n\t\t\t\t\t\t<\/div>\n\t\t\t\t<\/div>\n\t\t\t\t\t<\/div>\n\t\t<\/div>\n\t\t\t\t\t<\/div>\n\t\t<\/section>\n\t\t\t\t\t<\/div>\n\t\t<\/div>\n\t\t\t\t\t<\/div>\n\t\t<\/section>\n\t\t\t\t<\/div>\n\t\t","protected":false},"excerpt":{"rendered":"<p>Our Practice Philosophy Giving you greater quality of life is our goal every day. You are in the center of our attention. At our practice, patients and their individual needs always come first. Following an extensive examination and diagnosis, we take the time to give you comprehensive advice. Together with you, we develop a treatment [&hellip;]<\/p>\n","protected":false},"author":1,"featured_media":9406,"parent":7515,"menu_order":0,"comment_status":"closed","ping_status":"closed","template":"","meta":{"inline_featured_image":false,"footnotes":""},"class_list":["post-7533","page","type-page","status-publish","has-post-thumbnail","hentry"],"yoast_head":"<!-- This site is optimized with the Yoast SEO Premium plugin v27.3 (Yoast SEO v27.3) - https:\/\/yoast.com\/product\/yoast-seo-premium-wordpress\/ -->\n<title>Our Practice Philosophy | ICC-M Zahnarzt M\u00fcnchen Zentrum<\/title>\n<meta name=\"description\" content=\"At our practice, the patient with his or her individual needs, is always our number one priority. We want to improve YOUR quality of life.\" \/>\n<meta name=\"robots\" content=\"index, follow, max-snippet:-1, max-image-preview:large, max-video-preview:-1\" \/>\n<link rel=\"canonical\" href=\"https:\/\/www.icc-m.de\/en\/dental-clinic\/our-philosophy\/\" \/>\n<meta property=\"og:locale\" content=\"en_US\" \/>\n<meta property=\"og:type\" content=\"article\" \/>\n<meta property=\"og:title\" content=\"Our Practice Philosophy\" \/>\n<meta property=\"og:description\" content=\"Zahnarzt M\u00fcnchen Zentrum f\u00fcr \u00c4sthetische Zahnmedizin und Implantologie Dr. Cacaci &amp; Dr. Randelzhofer\" \/>\n<meta property=\"og:url\" content=\"https:\/\/www.icc-m.de\/en\/dental-clinic\/our-philosophy\/\" \/>\n<meta property=\"og:site_name\" content=\"ICC-M Zahnarzt M\u00fcnchen Zentrum\" \/>\n<meta property=\"article:modified_time\" content=\"2024-07-31T14:33:37+00:00\" \/>\n<meta property=\"og:image\" content=\"https:\/\/www.icc-m.de\/wp-content\/uploads\/2024\/05\/philosophie-praxis.jpg\" \/>\n\t<meta property=\"og:image:width\" content=\"1920\" \/>\n\t<meta property=\"og:image:height\" content=\"768\" \/>\n\t<meta property=\"og:image:type\" content=\"image\/jpeg\" \/>\n<meta name=\"twitter:card\" content=\"summary_large_image\" \/>\n<meta name=\"twitter:label1\" content=\"Est. reading time\" \/>\n\t<meta name=\"twitter:data1\" content=\"2 minutes\" \/>\n<script type=\"application\/ld+json\" class=\"yoast-schema-graph\">{\"@context\":\"https:\\\/\\\/schema.org\",\"@graph\":[{\"@type\":\"WebPage\",\"@id\":\"https:\\\/\\\/www.icc-m.de\\\/en\\\/dental-clinic\\\/our-philosophy\\\/\",\"url\":\"https:\\\/\\\/www.icc-m.de\\\/en\\\/dental-clinic\\\/our-philosophy\\\/\",\"name\":\"Our Practice Philosophy | ICC-M Zahnarzt M\u00fcnchen Zentrum\",\"isPartOf\":{\"@id\":\"https:\\\/\\\/www.icc-m.de\\\/en\\\/#website\"},\"primaryImageOfPage\":{\"@id\":\"https:\\\/\\\/www.icc-m.de\\\/en\\\/dental-clinic\\\/our-philosophy\\\/#primaryimage\"},\"image\":{\"@id\":\"https:\\\/\\\/www.icc-m.de\\\/en\\\/dental-clinic\\\/our-philosophy\\\/#primaryimage\"},\"thumbnailUrl\":\"https:\\\/\\\/www.icc-m.de\\\/wp-content\\\/uploads\\\/2024\\\/07\\\/DSC02512.jpg\",\"datePublished\":\"2024-03-16T18:30:10+00:00\",\"dateModified\":\"2024-07-31T14:33:37+00:00\",\"description\":\"At our practice, the patient with his or her individual needs, is always our number one priority. We want to improve YOUR quality of life.\",\"breadcrumb\":{\"@id\":\"https:\\\/\\\/www.icc-m.de\\\/en\\\/dental-clinic\\\/our-philosophy\\\/#breadcrumb\"},\"inLanguage\":\"en-US\",\"potentialAction\":[{\"@type\":\"ReadAction\",\"target\":[\"https:\\\/\\\/www.icc-m.de\\\/en\\\/dental-clinic\\\/our-philosophy\\\/\"]}]},{\"@type\":\"ImageObject\",\"inLanguage\":\"en-US\",\"@id\":\"https:\\\/\\\/www.icc-m.de\\\/en\\\/dental-clinic\\\/our-philosophy\\\/#primaryimage\",\"url\":\"https:\\\/\\\/www.icc-m.de\\\/wp-content\\\/uploads\\\/2024\\\/07\\\/DSC02512.jpg\",\"contentUrl\":\"https:\\\/\\\/www.icc-m.de\\\/wp-content\\\/uploads\\\/2024\\\/07\\\/DSC02512.jpg\",\"width\":1200,\"height\":800,\"caption\":\"Stellenangebote\"},{\"@type\":\"BreadcrumbList\",\"@id\":\"https:\\\/\\\/www.icc-m.de\\\/en\\\/dental-clinic\\\/our-philosophy\\\/#breadcrumb\",\"itemListElement\":[{\"@type\":\"ListItem\",\"position\":1,\"name\":\"Home\",\"item\":\"https:\\\/\\\/www.icc-m.de\\\/en\\\/\"},{\"@type\":\"ListItem\",\"position\":2,\"name\":\"Our modern dental clinic in the heart of Munich\",\"item\":\"https:\\\/\\\/www.icc-m.de\\\/en\\\/praxis\\\/\"},{\"@type\":\"ListItem\",\"position\":3,\"name\":\"Our Practice Philosophy\"}]},{\"@type\":\"WebSite\",\"@id\":\"https:\\\/\\\/www.icc-m.de\\\/en\\\/#website\",\"url\":\"https:\\\/\\\/www.icc-m.de\\\/en\\\/\",\"name\":\"ICC-M Zahnarzt M\u00fcnchen Zentrum\",\"description\":\"Zahnarzt M\u00fcnchen Zentrum f\u00fcr \u00c4sthetische Zahnmedizin und Implantologie Dr. Cacaci &amp; Dr. Randelzhofer\",\"publisher\":{\"@id\":\"https:\\\/\\\/www.icc-m.de\\\/en\\\/#organization\"},\"alternateName\":\"ICC-M Zahnarzt M\u00fcnchen Zentrum\",\"potentialAction\":[{\"@type\":\"SearchAction\",\"target\":{\"@type\":\"EntryPoint\",\"urlTemplate\":\"https:\\\/\\\/www.icc-m.de\\\/en\\\/?s={search_term_string}\"},\"query-input\":{\"@type\":\"PropertyValueSpecification\",\"valueRequired\":true,\"valueName\":\"search_term_string\"}}],\"inLanguage\":\"en-US\"},{\"@type\":\"Organization\",\"@id\":\"https:\\\/\\\/www.icc-m.de\\\/en\\\/#organization\",\"name\":\"ICC-M Implantat Competence Centrum M\u00fcnchen\",\"alternateName\":\"ICC-M\",\"url\":\"https:\\\/\\\/www.icc-m.de\\\/en\\\/\",\"logo\":{\"@type\":\"ImageObject\",\"inLanguage\":\"en-US\",\"@id\":\"https:\\\/\\\/www.icc-m.de\\\/en\\\/#\\\/schema\\\/logo\\\/image\\\/\",\"url\":\"https:\\\/\\\/www.icc-m.de\\\/wp-content\\\/uploads\\\/2023\\\/11\\\/Logo-russisch.jpg\",\"contentUrl\":\"https:\\\/\\\/www.icc-m.de\\\/wp-content\\\/uploads\\\/2023\\\/11\\\/Logo-russisch.jpg\",\"width\":142,\"height\":142,\"caption\":\"ICC-M Implantat Competence Centrum M\u00fcnchen\"},\"image\":{\"@id\":\"https:\\\/\\\/www.icc-m.de\\\/en\\\/#\\\/schema\\\/logo\\\/image\\\/\"},\"sameAs\":[\"https:\\\/\\\/www.instagram.com\\\/implantat_competence_centrum\\\/\"],\"description\":\"Zahnarzt M\u00fcnchen f\u00fcr \u00c4sthetische Zahnmedizin und Implantologie auf h\u00f6chstem Niveau\",\"email\":\"service@icc-m.de\",\"telephone\":\"+49 89 25544470\",\"legalName\":\"Gemeinschaftspraxis Cacaci & Randelzhofer Dr. med. dent. Claudio Cacaci, ZA Oralchirurgie Dr. med. dent. Peter Randelzhofer\",\"numberOfEmployees\":{\"@type\":\"QuantitativeValue\",\"minValue\":\"1\",\"maxValue\":\"10\"}}]}<\/script>\n<!-- \/ Yoast SEO Premium plugin. -->","yoast_head_json":{"title":"Our Practice Philosophy | ICC-M Zahnarzt M\u00fcnchen Zentrum","description":"At our practice, the patient with his or her individual needs, is always our number one priority. We want to improve YOUR quality of life.","robots":{"index":"index","follow":"follow","max-snippet":"max-snippet:-1","max-image-preview":"max-image-preview:large","max-video-preview":"max-video-preview:-1"},"canonical":"https:\/\/www.icc-m.de\/en\/dental-clinic\/our-philosophy\/","og_locale":"en_US","og_type":"article","og_title":"Our Practice Philosophy","og_description":"Zahnarzt M\u00fcnchen Zentrum f\u00fcr \u00c4sthetische Zahnmedizin und Implantologie Dr. Cacaci & Dr. Randelzhofer","og_url":"https:\/\/www.icc-m.de\/en\/dental-clinic\/our-philosophy\/","og_site_name":"ICC-M Zahnarzt M\u00fcnchen Zentrum","article_modified_time":"2024-07-31T14:33:37+00:00","og_image":[{"width":1920,"height":768,"url":"https:\/\/www.icc-m.de\/wp-content\/uploads\/2024\/05\/philosophie-praxis.jpg","type":"image\/jpeg"}],"twitter_card":"summary_large_image","twitter_misc":{"Est. reading time":"2 minutes"},"schema":{"@context":"https:\/\/schema.org","@graph":[{"@type":"WebPage","@id":"https:\/\/www.icc-m.de\/en\/dental-clinic\/our-philosophy\/","url":"https:\/\/www.icc-m.de\/en\/dental-clinic\/our-philosophy\/","name":"Our Practice Philosophy | ICC-M Zahnarzt M\u00fcnchen Zentrum","isPartOf":{"@id":"https:\/\/www.icc-m.de\/en\/#website"},"primaryImageOfPage":{"@id":"https:\/\/www.icc-m.de\/en\/dental-clinic\/our-philosophy\/#primaryimage"},"image":{"@id":"https:\/\/www.icc-m.de\/en\/dental-clinic\/our-philosophy\/#primaryimage"},"thumbnailUrl":"https:\/\/www.icc-m.de\/wp-content\/uploads\/2024\/07\/DSC02512.jpg","datePublished":"2024-03-16T18:30:10+00:00","dateModified":"2024-07-31T14:33:37+00:00","description":"At our practice, the patient with his or her individual needs, is always our number one priority. We want to improve YOUR quality of life.","breadcrumb":{"@id":"https:\/\/www.icc-m.de\/en\/dental-clinic\/our-philosophy\/#breadcrumb"},"inLanguage":"en-US","potentialAction":[{"@type":"ReadAction","target":["https:\/\/www.icc-m.de\/en\/dental-clinic\/our-philosophy\/"]}]},{"@type":"ImageObject","inLanguage":"en-US","@id":"https:\/\/www.icc-m.de\/en\/dental-clinic\/our-philosophy\/#primaryimage","url":"https:\/\/www.icc-m.de\/wp-content\/uploads\/2024\/07\/DSC02512.jpg","contentUrl":"https:\/\/www.icc-m.de\/wp-content\/uploads\/2024\/07\/DSC02512.jpg","width":1200,"height":800,"caption":"Stellenangebote"},{"@type":"BreadcrumbList","@id":"https:\/\/www.icc-m.de\/en\/dental-clinic\/our-philosophy\/#breadcrumb","itemListElement":[{"@type":"ListItem","position":1,"name":"Home","item":"https:\/\/www.icc-m.de\/en\/"},{"@type":"ListItem","position":2,"name":"Our modern dental clinic in the heart of Munich","item":"https:\/\/www.icc-m.de\/en\/praxis\/"},{"@type":"ListItem","position":3,"name":"Our Practice Philosophy"}]},{"@type":"WebSite","@id":"https:\/\/www.icc-m.de\/en\/#website","url":"https:\/\/www.icc-m.de\/en\/","name":"ICC-M Zahnarzt M\u00fcnchen Zentrum","description":"Zahnarzt M\u00fcnchen Zentrum f\u00fcr \u00c4sthetische Zahnmedizin und Implantologie Dr. Cacaci &amp; Dr. Randelzhofer","publisher":{"@id":"https:\/\/www.icc-m.de\/en\/#organization"},"alternateName":"ICC-M Zahnarzt M\u00fcnchen Zentrum","potentialAction":[{"@type":"SearchAction","target":{"@type":"EntryPoint","urlTemplate":"https:\/\/www.icc-m.de\/en\/?s={search_term_string}"},"query-input":{"@type":"PropertyValueSpecification","valueRequired":true,"valueName":"search_term_string"}}],"inLanguage":"en-US"},{"@type":"Organization","@id":"https:\/\/www.icc-m.de\/en\/#organization","name":"ICC-M Implantat Competence Centrum M\u00fcnchen","alternateName":"ICC-M","url":"https:\/\/www.icc-m.de\/en\/","logo":{"@type":"ImageObject","inLanguage":"en-US","@id":"https:\/\/www.icc-m.de\/en\/#\/schema\/logo\/image\/","url":"https:\/\/www.icc-m.de\/wp-content\/uploads\/2023\/11\/Logo-russisch.jpg","contentUrl":"https:\/\/www.icc-m.de\/wp-content\/uploads\/2023\/11\/Logo-russisch.jpg","width":142,"height":142,"caption":"ICC-M Implantat Competence Centrum M\u00fcnchen"},"image":{"@id":"https:\/\/www.icc-m.de\/en\/#\/schema\/logo\/image\/"},"sameAs":["https:\/\/www.instagram.com\/implantat_competence_centrum\/"],"description":"Zahnarzt M\u00fcnchen f\u00fcr \u00c4sthetische Zahnmedizin und Implantologie auf h\u00f6chstem Niveau","email":"service@icc-m.de","telephone":"+49 89 25544470","legalName":"Gemeinschaftspraxis Cacaci & Randelzhofer Dr. med. dent. Claudio Cacaci, ZA Oralchirurgie Dr. med. dent. Peter Randelzhofer","numberOfEmployees":{"@type":"QuantitativeValue","minValue":"1","maxValue":"10"}}]}},"_links":{"self":[{"href":"https:\/\/www.icc-m.de\/en\/wp-json\/wp\/v2\/pages\/7533","targetHints":{"allow":["GET"]}}],"collection":[{"href":"https:\/\/www.icc-m.de\/en\/wp-json\/wp\/v2\/pages"}],"about":[{"href":"https:\/\/www.icc-m.de\/en\/wp-json\/wp\/v2\/types\/page"}],"author":[{"embeddable":true,"href":"https:\/\/www.icc-m.de\/en\/wp-json\/wp\/v2\/users\/1"}],"replies":[{"embeddable":true,"href":"https:\/\/www.icc-m.de\/en\/wp-json\/wp\/v2\/comments?post=7533"}],"version-history":[{"count":11,"href":"https:\/\/www.icc-m.de\/en\/wp-json\/wp\/v2\/pages\/7533\/revisions"}],"predecessor-version":[{"id":9373,"href":"https:\/\/www.icc-m.de\/en\/wp-json\/wp\/v2\/pages\/7533\/revisions\/9373"}],"up":[{"embeddable":true,"href":"https:\/\/www.icc-m.de\/en\/wp-json\/wp\/v2\/pages\/7515"}],"wp:featuredmedia":[{"embeddable":true,"href":"https:\/\/www.icc-m.de\/en\/wp-json\/wp\/v2\/media\/9406"}],"wp:attachment":[{"href":"https:\/\/www.icc-m.de\/en\/wp-json\/wp\/v2\/media?parent=7533"}],"curies":[{"name":"wp","href":"https:\/\/api.w.org\/{rel}","templated":true}]}}