{"id":7544,"date":"2024-03-16T18:24:54","date_gmt":"2024-03-16T18:24:54","guid":{"rendered":"http:\/\/icc-m.btvi-marketing-consultants.de\/?page_id=7544"},"modified":"2024-08-06T05:55:37","modified_gmt":"2024-08-06T05:55:37","slug":"our-competencies","status":"publish","type":"page","link":"https:\/\/www.icc-m.de\/en\/our-competencies\/","title":{"rendered":"Dr. Claudio Cacaci &#038; Dr. Peter Randelzhofer \u2013 Our Competencies"},"content":{"rendered":"\t\t<div data-elementor-type=\"wp-page\" data-elementor-id=\"7544\" class=\"elementor elementor-7544 elementor-2890\" data-elementor-post-type=\"page\">\n\t\t\t\t\t\t<section class=\"elementor-section elementor-top-section elementor-element elementor-element-8739669 elementor-section-full_width elementor-section-stretched elementor-section-height-default elementor-section-height-default\" data-id=\"8739669\" data-element_type=\"section\" data-e-type=\"section\" data-settings=\"{&quot;stretch_section&quot;:&quot;section-stretched&quot;}\">\n\t\t\t\t\t\t<div class=\"elementor-container elementor-column-gap-no\">\n\t\t\t\t\t<div class=\"elementor-column elementor-col-100 elementor-top-column elementor-element elementor-element-bee76af\" data-id=\"bee76af\" data-element_type=\"column\" data-e-type=\"column\">\n\t\t\t<div class=\"elementor-widget-wrap elementor-element-populated\">\n\t\t\t\t\t\t<div class=\"elementor-element elementor-element-dfe5d5b elementor-widget__width-inherit elementor-widget elementor-widget-image\" data-id=\"dfe5d5b\" data-element_type=\"widget\" data-e-type=\"widget\" data-widget_type=\"image.default\">\n\t\t\t\t<div class=\"elementor-widget-container\">\n\t\t\t\t\t\t\t\t\t\t\t\t\t\t\t<img fetchpriority=\"high\" decoding=\"async\" width=\"1920\" height=\"1080\" src=\"https:\/\/www.icc-m.de\/wp-content\/uploads\/2024\/04\/vortrag-claudio-cacaci.jpg\" class=\"attachment-full size-full wp-image-5229\" alt=\"\" srcset=\"https:\/\/www.icc-m.de\/wp-content\/uploads\/2024\/04\/vortrag-claudio-cacaci.jpg 1920w, https:\/\/www.icc-m.de\/wp-content\/uploads\/2024\/04\/vortrag-claudio-cacaci-300x169.jpg 300w, https:\/\/www.icc-m.de\/wp-content\/uploads\/2024\/04\/vortrag-claudio-cacaci-1024x576.jpg 1024w, https:\/\/www.icc-m.de\/wp-content\/uploads\/2024\/04\/vortrag-claudio-cacaci-768x432.jpg 768w, https:\/\/www.icc-m.de\/wp-content\/uploads\/2024\/04\/vortrag-claudio-cacaci-1536x864.jpg 1536w\" sizes=\"(max-width: 1920px) 100vw, 1920px\" \/>\t\t\t\t\t\t\t\t\t\t\t\t\t\t\t<\/div>\n\t\t\t\t<\/div>\n\t\t\t\t\t<\/div>\n\t\t<\/div>\n\t\t\t\t\t<\/div>\n\t\t<\/section>\n\t\t\t\t<section class=\"elementor-section elementor-top-section elementor-element elementor-element-a5ca217 elementor-section-boxed elementor-section-height-default elementor-section-height-default\" data-id=\"a5ca217\" data-element_type=\"section\" data-e-type=\"section\">\n\t\t\t\t\t\t<div class=\"elementor-container elementor-column-gap-default\">\n\t\t\t\t\t<div class=\"elementor-column elementor-col-100 elementor-top-column elementor-element elementor-element-67dd534\" data-id=\"67dd534\" data-element_type=\"column\" data-e-type=\"column\">\n\t\t\t<div class=\"elementor-widget-wrap elementor-element-populated\">\n\t\t\t\t\t\t<section class=\"elementor-section elementor-inner-section elementor-element elementor-element-0bc1b39 elementor-section-boxed elementor-section-height-default elementor-section-height-default\" data-id=\"0bc1b39\" data-element_type=\"section\" data-e-type=\"section\">\n\t\t\t\t\t\t<div class=\"elementor-container elementor-column-gap-default\">\n\t\t\t\t\t<div class=\"elementor-column elementor-col-100 elementor-inner-column elementor-element elementor-element-ee0d3f0\" data-id=\"ee0d3f0\" data-element_type=\"column\" data-e-type=\"column\">\n\t\t\t<div class=\"elementor-widget-wrap elementor-element-populated\">\n\t\t\t\t\t\t<div class=\"elementor-element elementor-element-f4e1eb1 elementor-widget elementor-widget-spacer\" data-id=\"f4e1eb1\" data-element_type=\"widget\" data-e-type=\"widget\" data-widget_type=\"spacer.default\">\n\t\t\t\t<div class=\"elementor-widget-container\">\n\t\t\t\t\t\t\t<div class=\"elementor-spacer\">\n\t\t\t<div class=\"elementor-spacer-inner\"><\/div>\n\t\t<\/div>\n\t\t\t\t\t\t<\/div>\n\t\t\t\t<\/div>\n\t\t\t\t<div class=\"elementor-element elementor-element-ce4dc25 elementor-widget elementor-widget-heading\" data-id=\"ce4dc25\" data-element_type=\"widget\" data-e-type=\"widget\" data-widget_type=\"heading.default\">\n\t\t\t\t<div class=\"elementor-widget-container\">\n\t\t\t\t\t<h1 class=\"elementor-heading-title elementor-size-default\">Dr. Claudio Cacaci &amp; Dr. Peter Randelzhofer \u2013 unsere Kompetenzen<\/h1>\t\t\t\t<\/div>\n\t\t\t\t<\/div>\n\t\t\t\t<div class=\"elementor-element elementor-element-5e2390f elementor-widget elementor-widget-heading\" data-id=\"5e2390f\" data-element_type=\"widget\" data-e-type=\"widget\" data-widget_type=\"heading.default\">\n\t\t\t\t<div class=\"elementor-widget-container\">\n\t\t\t\t\t<h2 class=\"elementor-heading-title elementor-size-default\">Wissenschaft und Praxis der Implantologie und \u00c4sthetischen Zahnheilkunde gehen bei uns Hand in Hand<\/h2>\t\t\t\t<\/div>\n\t\t\t\t<\/div>\n\t\t\t\t<div class=\"elementor-element elementor-element-629f8be elementor-widget elementor-widget-heading\" data-id=\"629f8be\" data-element_type=\"widget\" data-e-type=\"widget\" data-widget_type=\"heading.default\">\n\t\t\t\t<div class=\"elementor-widget-container\">\n\t\t\t\t\t<h3 class=\"elementor-heading-title elementor-size-default\">Erfahrung und K\u00f6nnen<\/h3>\t\t\t\t<\/div>\n\t\t\t\t<\/div>\n\t\t\t\t<div class=\"elementor-element elementor-element-722d80f elementor-widget elementor-widget-text-editor\" data-id=\"722d80f\" data-element_type=\"widget\" data-e-type=\"widget\" data-widget_type=\"text-editor.default\">\n\t\t\t\t<div class=\"elementor-widget-container\">\n\t\t\t\t\t\t\t\t\t<p>Entscheidend f\u00fcr den Behandlungserfolg sind Erfahrung und Kompetenz auf den wichtigen Gebieten der zahn\u00e4rztlichen Implantologie. Zusammengenommen besitzen wir \u00fcber 35 Jahre implantologische Erfahrung und haben viele tausende Implantate eingesetzt und auch prothetisch versorgt. Wir bilden im Rahmen von diversen Fachgesellschaften andere Zahn\u00e4rzte, \u00c4rzte und Zahntechniker in diesem Fachbereich aus und sind auf vielen nationalen und internationalen Kongressen gefragte Referenten.<\/p>\n<p>Jede Reise erweitert den Horizont: neue Freundschaften und Kontakte werden gekn\u00fcpft, neue Ansichten und Meinungen werden ausgetauscht und abgewogen; im Gespr\u00e4ch mit den besten Forschern weltweit erhalten wir immer neuesten Input und Motivation f\u00fcr unsere t\u00e4gliche Arbeit in der Praxis. Erfahren Sie hier mehr \u00fcber die <a href=\"https:\/\/www.icc-m.de\/kompetenz-dr-cacaci-dr-randelzhofer\/vortraege-dr-claudio-cacaci\/\">Vortragst\u00e4tigkeit von Dr. Claudio Cacaci<\/a> und <a href=\"https:\/\/www.icc-m.de\/kompetenz-dr-cacaci-dr-randelzhofer\/vortraege-dr-peter-randelzhofer\/\">Dr. Peter Randelzhofer.<\/a><\/p>\n<p>Zusammen haben wir \u00fcber 2000 Vortr\u00e4ge und Workshops, national wie international, gehalten und veranstaltet sowie Publikationen und Fachberichte publiziert. In unseren <a href=\"https:\/\/www.icc-m.de\/kompetenz-dr-cacaci-dr-randelzhofer\/fachbuecher\/\">Fachb\u00fcchern aus dem Bereich der Implantologie<\/a> und <a href=\"https:\/\/www.icc-m.de\/kompetenz-dr-cacaci-dr-randelzhofer\/publikationen\/\">Publikationen rund um \u00e4sthetische Implantatchirurgie und Zahnheilkunde<\/a> k\u00f6nnen Sie weiterf\u00fchrende und aktuelle Informationen in den wichtigsten Gebieten der Zahnmedizin lesen.<\/p>\n<p>Auf Grund unserer Gr\u00f6\u00dfe sind wir in der Lage die Qualit\u00e4t neuerer Methoden und\/oder Implantatmaterialien im Rahmen wissenschaftlicher Untersuchungen zu \u00fcberpr\u00fcfen. Selbst nehmen wir an kontrollierten Beobachtungsstudien teil, um unsere Erfahrungen f\u00fcr die Entwicklung von Implantatkomponenten, chirurgische Techniken oder Produkte zum Knochenersatz mit einzubringen.<\/p>\n<p>Der Austausch mit nationalen und internationalen Universit\u00e4ten, mit anderen implantologischen Zentren und vielen erfahrenen Kollegen auf der ganzen Welt sichert, dass wir immer auf dem neuesten Stand der Wissenschaft bleiben.<\/p>\n<p>Diese Erfahrungen aus der Praxis und unsere stetige Weiterbildung lassen wir t\u00e4glich in unsere Praxis-T\u00e4tigkeit einflie\u00dfen. Unser Zentrum ist einer Leitlinien gerechten und wissenschaftlich gesicherten Therapie verpflichtet!<\/p>\n\t\t\t\t\t\t\t\t<\/div>\n\t\t\t\t<\/div>\n\t\t\t\t\t<\/div>\n\t\t<\/div>\n\t\t\t\t\t<\/div>\n\t\t<\/section>\n\t\t\t\t\t<\/div>\n\t\t<\/div>\n\t\t\t\t\t<\/div>\n\t\t<\/section>\n\t\t\t\t<section class=\"elementor-section elementor-top-section elementor-element elementor-element-323d005 elementor-section-boxed elementor-section-height-default elementor-section-height-default\" data-id=\"323d005\" data-element_type=\"section\" data-e-type=\"section\">\n\t\t\t\t\t\t<div class=\"elementor-container elementor-column-gap-default\">\n\t\t\t\t\t<div class=\"elementor-column elementor-col-50 elementor-top-column elementor-element elementor-element-0d6f123\" data-id=\"0d6f123\" data-element_type=\"column\" data-e-type=\"column\">\n\t\t\t<div class=\"elementor-widget-wrap elementor-element-populated\">\n\t\t\t\t\t\t<div class=\"elementor-element elementor-element-1a68c95 elementor-widget elementor-widget-image\" data-id=\"1a68c95\" data-element_type=\"widget\" data-e-type=\"widget\" data-widget_type=\"image.default\">\n\t\t\t\t<div class=\"elementor-widget-container\">\n\t\t\t\t\t\t\t\t\t\t\t\t\t\t\t<img decoding=\"async\" src=\"https:\/\/www.icc-m.de\/wp-content\/uploads\/2024\/04\/Kompetenz-Dr.-Cacaci.jpg\" title=\"\" alt=\"Kompetenz Dr. Cacaci\" loading=\"lazy\" \/>\t\t\t\t\t\t\t\t\t\t\t\t\t\t\t<\/div>\n\t\t\t\t<\/div>\n\t\t\t\t\t<\/div>\n\t\t<\/div>\n\t\t\t\t<div class=\"elementor-column elementor-col-50 elementor-top-column elementor-element elementor-element-6a7a01e\" data-id=\"6a7a01e\" data-element_type=\"column\" data-e-type=\"column\">\n\t\t\t<div class=\"elementor-widget-wrap elementor-element-populated\">\n\t\t\t\t\t\t<div class=\"elementor-element elementor-element-bcb7388 elementor-widget elementor-widget-image\" data-id=\"bcb7388\" data-element_type=\"widget\" data-e-type=\"widget\" data-widget_type=\"image.default\">\n\t\t\t\t<div class=\"elementor-widget-container\">\n\t\t\t\t\t\t\t\t\t\t\t\t\t\t\t<img decoding=\"async\" width=\"500\" height=\"300\" src=\"https:\/\/www.icc-m.de\/wp-content\/uploads\/2024\/04\/Kompetenz-Dr.-Randelzhofer.jpg\" class=\"attachment-large size-large wp-image-5223\" alt=\"Kompetenz Dr. Randelzhofer\" srcset=\"https:\/\/www.icc-m.de\/wp-content\/uploads\/2024\/04\/Kompetenz-Dr.-Randelzhofer.jpg 500w, https:\/\/www.icc-m.de\/wp-content\/uploads\/2024\/04\/Kompetenz-Dr.-Randelzhofer-300x180.jpg 300w\" sizes=\"(max-width: 500px) 100vw, 500px\" \/>\t\t\t\t\t\t\t\t\t\t\t\t\t\t\t<\/div>\n\t\t\t\t<\/div>\n\t\t\t\t\t<\/div>\n\t\t<\/div>\n\t\t\t\t\t<\/div>\n\t\t<\/section>\n\t\t\t\t<\/div>\n\t\t","protected":false},"excerpt":{"rendered":"<p>Dr. Claudio Cacaci &#038; Dr. Peter Randelzhofer \u2013 unsere Kompetenzen Wissenschaft und Praxis der Implantologie und \u00c4sthetischen Zahnheilkunde gehen bei uns Hand in Hand Erfahrung und K\u00f6nnen Entscheidend f\u00fcr den Behandlungserfolg sind Erfahrung und Kompetenz auf den wichtigen Gebieten der zahn\u00e4rztlichen Implantologie. Zusammengenommen besitzen wir \u00fcber 35 Jahre implantologische Erfahrung und haben viele tausende Implantate [&hellip;]<\/p>\n","protected":false},"author":1,"featured_media":10864,"parent":0,"menu_order":0,"comment_status":"closed","ping_status":"closed","template":"","meta":{"inline_featured_image":false,"footnotes":""},"class_list":["post-7544","page","type-page","status-publish","has-post-thumbnail","hentry"],"yoast_head":"<!-- This site is optimized with the Yoast SEO Premium plugin v27.3 (Yoast SEO v27.3) - https:\/\/yoast.com\/product\/yoast-seo-premium-wordpress\/ -->\n<title>Competence &amp; Science | ICC Dental Implant Dentist Munich<\/title>\n<meta name=\"description\" content=\"Our center is committed to therapy that follows established guidelines and is evidence-based! Science of implantology and esthetic dentistry go together.\" \/>\n<meta name=\"robots\" content=\"index, follow, max-snippet:-1, max-image-preview:large, max-video-preview:-1\" \/>\n<link rel=\"canonical\" href=\"https:\/\/www.icc-m.de\/en\/our-competencies\/\" \/>\n<meta property=\"og:locale\" content=\"en_US\" \/>\n<meta property=\"og:type\" content=\"article\" \/>\n<meta property=\"og:title\" content=\"Dr. Claudio Cacaci &amp; Dr. Peter Randelzhofer \u2013 Our Competencies\" \/>\n<meta property=\"og:description\" content=\"Zahnarzt M\u00fcnchen Zentrum f\u00fcr \u00c4sthetische Zahnmedizin und Implantologie Dr. Cacaci &amp; Dr. Randelzhofer\" \/>\n<meta property=\"og:url\" content=\"https:\/\/www.icc-m.de\/en\/our-competencies\/\" \/>\n<meta property=\"og:site_name\" content=\"ICC-M Zahnarzt M\u00fcnchen Zentrum\" \/>\n<meta property=\"article:modified_time\" content=\"2024-08-06T05:55:37+00:00\" \/>\n<meta property=\"og:image\" content=\"https:\/\/www.icc-m.de\/wp-content\/uploads\/2024\/04\/vortrag-claudio-cacaci.jpg\" \/>\n<meta name=\"twitter:card\" content=\"summary_large_image\" \/>\n<meta name=\"twitter:label1\" content=\"Est. reading time\" \/>\n\t<meta name=\"twitter:data1\" content=\"3 minutes\" \/>\n<script type=\"application\/ld+json\" class=\"yoast-schema-graph\">{\"@context\":\"https:\\\/\\\/schema.org\",\"@graph\":[{\"@type\":\"WebPage\",\"@id\":\"https:\\\/\\\/www.icc-m.de\\\/en\\\/our-competencies\\\/\",\"url\":\"https:\\\/\\\/www.icc-m.de\\\/en\\\/our-competencies\\\/\",\"name\":\"Competence & Science | ICC Dental Implant Dentist Munich\",\"isPartOf\":{\"@id\":\"https:\\\/\\\/www.icc-m.de\\\/en\\\/#website\"},\"primaryImageOfPage\":{\"@id\":\"https:\\\/\\\/www.icc-m.de\\\/en\\\/our-competencies\\\/#primaryimage\"},\"image\":{\"@id\":\"https:\\\/\\\/www.icc-m.de\\\/en\\\/our-competencies\\\/#primaryimage\"},\"thumbnailUrl\":\"https:\\\/\\\/www.icc-m.de\\\/wp-content\\\/uploads\\\/2024\\\/11\\\/dgi-kongress-2022.jpg\",\"datePublished\":\"2024-03-16T18:24:54+00:00\",\"dateModified\":\"2024-08-06T05:55:37+00:00\",\"description\":\"Our center is committed to therapy that follows established guidelines and is evidence-based! Science of implantology and esthetic dentistry go together.\",\"breadcrumb\":{\"@id\":\"https:\\\/\\\/www.icc-m.de\\\/en\\\/our-competencies\\\/#breadcrumb\"},\"inLanguage\":\"en-US\",\"potentialAction\":[{\"@type\":\"ReadAction\",\"target\":[\"https:\\\/\\\/www.icc-m.de\\\/en\\\/our-competencies\\\/\"]}]},{\"@type\":\"ImageObject\",\"inLanguage\":\"en-US\",\"@id\":\"https:\\\/\\\/www.icc-m.de\\\/en\\\/our-competencies\\\/#primaryimage\",\"url\":\"https:\\\/\\\/www.icc-m.de\\\/wp-content\\\/uploads\\\/2024\\\/11\\\/dgi-kongress-2022.jpg\",\"contentUrl\":\"https:\\\/\\\/www.icc-m.de\\\/wp-content\\\/uploads\\\/2024\\\/11\\\/dgi-kongress-2022.jpg\",\"width\":500,\"height\":300,\"caption\":\"DGI Kongress Dr. Cacaci\"},{\"@type\":\"BreadcrumbList\",\"@id\":\"https:\\\/\\\/www.icc-m.de\\\/en\\\/our-competencies\\\/#breadcrumb\",\"itemListElement\":[{\"@type\":\"ListItem\",\"position\":1,\"name\":\"Home\",\"item\":\"https:\\\/\\\/www.icc-m.de\\\/en\\\/\"},{\"@type\":\"ListItem\",\"position\":2,\"name\":\"Dr. Claudio Cacaci &#038; Dr. Peter Randelzhofer \u2013 Our Competencies\"}]},{\"@type\":\"WebSite\",\"@id\":\"https:\\\/\\\/www.icc-m.de\\\/en\\\/#website\",\"url\":\"https:\\\/\\\/www.icc-m.de\\\/en\\\/\",\"name\":\"ICC-M Zahnarzt M\u00fcnchen Zentrum\",\"description\":\"Zahnarzt M\u00fcnchen Zentrum f\u00fcr \u00c4sthetische Zahnmedizin und Implantologie Dr. Cacaci &amp; Dr. Randelzhofer\",\"publisher\":{\"@id\":\"https:\\\/\\\/www.icc-m.de\\\/en\\\/#organization\"},\"alternateName\":\"ICC-M Zahnarzt M\u00fcnchen Zentrum\",\"potentialAction\":[{\"@type\":\"SearchAction\",\"target\":{\"@type\":\"EntryPoint\",\"urlTemplate\":\"https:\\\/\\\/www.icc-m.de\\\/en\\\/?s={search_term_string}\"},\"query-input\":{\"@type\":\"PropertyValueSpecification\",\"valueRequired\":true,\"valueName\":\"search_term_string\"}}],\"inLanguage\":\"en-US\"},{\"@type\":\"Organization\",\"@id\":\"https:\\\/\\\/www.icc-m.de\\\/en\\\/#organization\",\"name\":\"ICC-M Implantat Competence Centrum M\u00fcnchen\",\"alternateName\":\"ICC-M\",\"url\":\"https:\\\/\\\/www.icc-m.de\\\/en\\\/\",\"logo\":{\"@type\":\"ImageObject\",\"inLanguage\":\"en-US\",\"@id\":\"https:\\\/\\\/www.icc-m.de\\\/en\\\/#\\\/schema\\\/logo\\\/image\\\/\",\"url\":\"https:\\\/\\\/www.icc-m.de\\\/wp-content\\\/uploads\\\/2023\\\/11\\\/Logo-russisch.jpg\",\"contentUrl\":\"https:\\\/\\\/www.icc-m.de\\\/wp-content\\\/uploads\\\/2023\\\/11\\\/Logo-russisch.jpg\",\"width\":142,\"height\":142,\"caption\":\"ICC-M Implantat Competence Centrum M\u00fcnchen\"},\"image\":{\"@id\":\"https:\\\/\\\/www.icc-m.de\\\/en\\\/#\\\/schema\\\/logo\\\/image\\\/\"},\"sameAs\":[\"https:\\\/\\\/www.instagram.com\\\/implantat_competence_centrum\\\/\"],\"description\":\"Zahnarzt M\u00fcnchen f\u00fcr \u00c4sthetische Zahnmedizin und Implantologie auf h\u00f6chstem Niveau\",\"email\":\"service@icc-m.de\",\"telephone\":\"+49 89 25544470\",\"legalName\":\"Gemeinschaftspraxis Cacaci & Randelzhofer Dr. med. dent. Claudio Cacaci, ZA Oralchirurgie Dr. med. dent. Peter Randelzhofer\",\"numberOfEmployees\":{\"@type\":\"QuantitativeValue\",\"minValue\":\"1\",\"maxValue\":\"10\"}}]}<\/script>\n<!-- \/ Yoast SEO Premium plugin. -->","yoast_head_json":{"title":"Competence & Science | ICC Dental Implant Dentist Munich","description":"Our center is committed to therapy that follows established guidelines and is evidence-based! Science of implantology and esthetic dentistry go together.","robots":{"index":"index","follow":"follow","max-snippet":"max-snippet:-1","max-image-preview":"max-image-preview:large","max-video-preview":"max-video-preview:-1"},"canonical":"https:\/\/www.icc-m.de\/en\/our-competencies\/","og_locale":"en_US","og_type":"article","og_title":"Dr. Claudio Cacaci & Dr. Peter Randelzhofer \u2013 Our Competencies","og_description":"Zahnarzt M\u00fcnchen Zentrum f\u00fcr \u00c4sthetische Zahnmedizin und Implantologie Dr. Cacaci & Dr. Randelzhofer","og_url":"https:\/\/www.icc-m.de\/en\/our-competencies\/","og_site_name":"ICC-M Zahnarzt M\u00fcnchen Zentrum","article_modified_time":"2024-08-06T05:55:37+00:00","og_image":[{"url":"https:\/\/www.icc-m.de\/wp-content\/uploads\/2024\/04\/vortrag-claudio-cacaci.jpg","type":"","width":"","height":""}],"twitter_card":"summary_large_image","twitter_misc":{"Est. reading time":"3 minutes"},"schema":{"@context":"https:\/\/schema.org","@graph":[{"@type":"WebPage","@id":"https:\/\/www.icc-m.de\/en\/our-competencies\/","url":"https:\/\/www.icc-m.de\/en\/our-competencies\/","name":"Competence & Science | ICC Dental Implant Dentist Munich","isPartOf":{"@id":"https:\/\/www.icc-m.de\/en\/#website"},"primaryImageOfPage":{"@id":"https:\/\/www.icc-m.de\/en\/our-competencies\/#primaryimage"},"image":{"@id":"https:\/\/www.icc-m.de\/en\/our-competencies\/#primaryimage"},"thumbnailUrl":"https:\/\/www.icc-m.de\/wp-content\/uploads\/2024\/11\/dgi-kongress-2022.jpg","datePublished":"2024-03-16T18:24:54+00:00","dateModified":"2024-08-06T05:55:37+00:00","description":"Our center is committed to therapy that follows established guidelines and is evidence-based! Science of implantology and esthetic dentistry go together.","breadcrumb":{"@id":"https:\/\/www.icc-m.de\/en\/our-competencies\/#breadcrumb"},"inLanguage":"en-US","potentialAction":[{"@type":"ReadAction","target":["https:\/\/www.icc-m.de\/en\/our-competencies\/"]}]},{"@type":"ImageObject","inLanguage":"en-US","@id":"https:\/\/www.icc-m.de\/en\/our-competencies\/#primaryimage","url":"https:\/\/www.icc-m.de\/wp-content\/uploads\/2024\/11\/dgi-kongress-2022.jpg","contentUrl":"https:\/\/www.icc-m.de\/wp-content\/uploads\/2024\/11\/dgi-kongress-2022.jpg","width":500,"height":300,"caption":"DGI Kongress Dr. Cacaci"},{"@type":"BreadcrumbList","@id":"https:\/\/www.icc-m.de\/en\/our-competencies\/#breadcrumb","itemListElement":[{"@type":"ListItem","position":1,"name":"Home","item":"https:\/\/www.icc-m.de\/en\/"},{"@type":"ListItem","position":2,"name":"Dr. Claudio Cacaci &#038; Dr. Peter Randelzhofer \u2013 Our Competencies"}]},{"@type":"WebSite","@id":"https:\/\/www.icc-m.de\/en\/#website","url":"https:\/\/www.icc-m.de\/en\/","name":"ICC-M Zahnarzt M\u00fcnchen Zentrum","description":"Zahnarzt M\u00fcnchen Zentrum f\u00fcr \u00c4sthetische Zahnmedizin und Implantologie Dr. Cacaci &amp; Dr. Randelzhofer","publisher":{"@id":"https:\/\/www.icc-m.de\/en\/#organization"},"alternateName":"ICC-M Zahnarzt M\u00fcnchen Zentrum","potentialAction":[{"@type":"SearchAction","target":{"@type":"EntryPoint","urlTemplate":"https:\/\/www.icc-m.de\/en\/?s={search_term_string}"},"query-input":{"@type":"PropertyValueSpecification","valueRequired":true,"valueName":"search_term_string"}}],"inLanguage":"en-US"},{"@type":"Organization","@id":"https:\/\/www.icc-m.de\/en\/#organization","name":"ICC-M Implantat Competence Centrum M\u00fcnchen","alternateName":"ICC-M","url":"https:\/\/www.icc-m.de\/en\/","logo":{"@type":"ImageObject","inLanguage":"en-US","@id":"https:\/\/www.icc-m.de\/en\/#\/schema\/logo\/image\/","url":"https:\/\/www.icc-m.de\/wp-content\/uploads\/2023\/11\/Logo-russisch.jpg","contentUrl":"https:\/\/www.icc-m.de\/wp-content\/uploads\/2023\/11\/Logo-russisch.jpg","width":142,"height":142,"caption":"ICC-M Implantat Competence Centrum M\u00fcnchen"},"image":{"@id":"https:\/\/www.icc-m.de\/en\/#\/schema\/logo\/image\/"},"sameAs":["https:\/\/www.instagram.com\/implantat_competence_centrum\/"],"description":"Zahnarzt M\u00fcnchen f\u00fcr \u00c4sthetische Zahnmedizin und Implantologie auf h\u00f6chstem Niveau","email":"service@icc-m.de","telephone":"+49 89 25544470","legalName":"Gemeinschaftspraxis Cacaci & Randelzhofer Dr. med. dent. Claudio Cacaci, ZA Oralchirurgie Dr. med. dent. Peter Randelzhofer","numberOfEmployees":{"@type":"QuantitativeValue","minValue":"1","maxValue":"10"}}]}},"_links":{"self":[{"href":"https:\/\/www.icc-m.de\/en\/wp-json\/wp\/v2\/pages\/7544","targetHints":{"allow":["GET"]}}],"collection":[{"href":"https:\/\/www.icc-m.de\/en\/wp-json\/wp\/v2\/pages"}],"about":[{"href":"https:\/\/www.icc-m.de\/en\/wp-json\/wp\/v2\/types\/page"}],"author":[{"embeddable":true,"href":"https:\/\/www.icc-m.de\/en\/wp-json\/wp\/v2\/users\/1"}],"replies":[{"embeddable":true,"href":"https:\/\/www.icc-m.de\/en\/wp-json\/wp\/v2\/comments?post=7544"}],"version-history":[{"count":11,"href":"https:\/\/www.icc-m.de\/en\/wp-json\/wp\/v2\/pages\/7544\/revisions"}],"predecessor-version":[{"id":9635,"href":"https:\/\/www.icc-m.de\/en\/wp-json\/wp\/v2\/pages\/7544\/revisions\/9635"}],"wp:featuredmedia":[{"embeddable":true,"href":"https:\/\/www.icc-m.de\/en\/wp-json\/wp\/v2\/media\/10864"}],"wp:attachment":[{"href":"https:\/\/www.icc-m.de\/en\/wp-json\/wp\/v2\/media?parent=7544"}],"curies":[{"name":"wp","href":"https:\/\/api.w.org\/{rel}","templated":true}]}}