{"id":7660,"date":"2024-03-16T18:29:17","date_gmt":"2024-03-16T18:29:17","guid":{"rendered":"http:\/\/icc-m.btvi-marketing-consultants.de\/?page_id=7660"},"modified":"2024-11-19T10:25:40","modified_gmt":"2024-11-19T10:25:40","slug":"contact","status":"publish","type":"page","link":"https:\/\/www.icc-m.de\/en\/contact\/","title":{"rendered":"Contact"},"content":{"rendered":"\t\t<div data-elementor-type=\"wp-page\" data-elementor-id=\"7660\" class=\"elementor elementor-7660 elementor-2881\" data-elementor-post-type=\"page\">\n\t\t\t\t\t\t<section class=\"elementor-section elementor-top-section elementor-element elementor-element-d8732d2 elementor-section-full_width elementor-section-height-min-height elementor-section-stretched elementor-section-height-default elementor-section-items-middle\" data-id=\"d8732d2\" data-element_type=\"section\" data-e-type=\"section\" data-settings=\"{&quot;stretch_section&quot;:&quot;section-stretched&quot;}\">\n\t\t\t\t\t\t<div class=\"elementor-container elementor-column-gap-no\">\n\t\t\t\t\t<div class=\"elementor-column elementor-col-100 elementor-top-column elementor-element elementor-element-4ff7416\" data-id=\"4ff7416\" data-element_type=\"column\" data-e-type=\"column\">\n\t\t\t<div class=\"elementor-widget-wrap elementor-element-populated\">\n\t\t\t\t\t\t<div class=\"elementor-element elementor-element-94d2e24 elementor-widget elementor-widget-ucaddon_content_slider_new\" data-id=\"94d2e24\" data-element_type=\"widget\" data-e-type=\"widget\" data-widget_type=\"ucaddon_content_slider_new.default\">\n\t\t\t\t<div class=\"elementor-widget-container\">\n\t\t\t\t\t\n<!-- start Content Slider -->\n\t\t<link id='font-awesome-css' href='https:\/\/www.icc-m.de\/wp-content\/plugins\/unlimited-elements-for-elementor-premium\/assets_libraries\/font-awesome6\/fontawesome-all.min.css' type='text\/css' rel='stylesheet' >\n\t\t<link id='font-awesome-4-shim-css' href='https:\/\/www.icc-m.de\/wp-content\/plugins\/unlimited-elements-for-elementor-premium\/assets_libraries\/font-awesome6\/fontawesome-v4-shims.min.css' type='text\/css' rel='stylesheet' >\n\t\t<link id='owl-carousel-css' href='https:\/\/www.icc-m.de\/wp-content\/plugins\/unlimited-elements-for-elementor-premium\/assets_libraries\/owl-carousel-new\/assets\/owl.carousel.css' type='text\/css' rel='stylesheet' >\n\t\t<link id='fancybox-css' href='https:\/\/www.icc-m.de\/wp-content\/plugins\/unlimited-elements-for-elementor-premium\/assets_libraries\/fancybox3\/jquery.fancybox.min.css' type='text\/css' rel='stylesheet' >\n\t\t<link id='uc_ac_assets_file_animate_css_77907-css' href='https:\/\/www.icc-m.de\/wp-content\/uploads\/ac_assets\/uc_content_slider_new\/animate.css' type='text\/css' rel='stylesheet' >\n\n<style>\/* widget: Content Slider *\/\n\n#uc_content_slider_new_elementor_94d2e24-wrapper\n{\n  min-height:1px;\n}\n#uc_content_slider_new_elementor_94d2e24 .uc_fbps_slide\n{\n  position:relative;\n  overflow:hidden;\n  display:flex;\n  \n}\n\n#uc_content_slider_new_elementor_94d2e24 .owl-carousel .animated   {\n-webkit-animation-duration: 2000ms;\nanimation-duration: 2000ms;\n}\n\n#uc_content_slider_new_elementor_94d2e24 .uc_fbps_container_image img\n{\n  display:inline-block;\n}\n\n#uc_content_slider_new_elementor_94d2e24 .uc_fbps_content\n{\n  position:relative;\n}\n\n.uc_fbps_container_title\n{\n  font-size:21px;\n}\n\n#uc_content_slider_new_elementor_94d2e24 .ue-btn {\n\ttext-decoration:none;\n\ttransition: all 0.5s ease;\n    text-align:center;\n}\n\n#uc_content_slider_new_elementor_94d2e24 .ue-item-overlay\n{\n  position:absolute;\n  top:0px;\n  left:0px;\n  right:0px;\n  bottom:0px;\n}\n\n#uc_content_slider_new_elementor_94d2e24 .ue-item-image\n{\n  background-repeat:no-repeat;\n  position:absolute;\n  top:0px;\n  left:0px;\n  right:0px;\n  bottom:0px;\n}\n\n#uc_content_slider_new_elementor_94d2e24 .owl-dots {\noverflow:hidden;\ntext-align:center;\nposition:relative;\nz-index:2;\n}\n\n#uc_content_slider_new_elementor_94d2e24 .owl-dot {\nborder-radius:50%;\ndisplay:inline-block;\n}\n\n#uc_content_slider_new_elementor_94d2e24 .owl-nav .owl-prev{\n    position:absolute;\n    display:inline-block;\n    text-align:center;\n}\n#uc_content_slider_new_elementor_94d2e24 .owl-nav .owl-next{\n  position:absolute;\n  display:inline-block;\n  text-align:center;\n}\n\n#uc_content_slider_new_elementor_94d2e24 .owl-nav .disabled\n{\n    display: none;  \n}\n\n\n#uc_content_slider_new_elementor_94d2e24 .ue-item-icon\n{\n  line-height:1em;\n  display:inline-flex;\n  justify-content:center;\n  align-items:center;\n  \n}\n\n#uc_content_slider_new_elementor_94d2e24 .ue-item-icon svg\n{\n  height:1em;\n  width:1em;\n}\n\n\t\n\n\n\n\n\n\n\n\n<\/style>\n\n<div id=\"uc_content_slider_new_elementor_94d2e24-wrapper\">\n<div class=\"uc_fixed_box_postslider\" id=\"uc_content_slider_new_elementor_94d2e24\" style=\"direction:ltr;\">\n        <div class=\"uc_fbps_container\">\n            <div id=\"slider-uc_content_slider_new_elementor_94d2e24\" class=\"owl-carousel uc-items-wrapper  \"   data-lightbox=\"false\">\n            \t<div class=\"uc_fbps_slide elementor-repeater-item-eecca00\" >\n  <div style=\"background-image:url(https:\/\/www.icc-m.de\/wp-content\/uploads\/2024\/07\/DSC02564.jpg);\" class=\"ue-item-image\"><\/div>\n  \n    \t<div class=\"ue-item-overlay\"><\/div>\n      \n        <div class=\"uc_fbps_content \">\n                          \n      \t\t        \n        \n        \n              <\/div>\n        \n    \n        \n    \n    \n \n<\/div>\n\n            <\/div>\n        <\/div>\n<\/div>\n<\/div>\n<!-- end Content Slider -->\t\t\t\t<\/div>\n\t\t\t\t<\/div>\n\t\t\t\t\t<\/div>\n\t\t<\/div>\n\t\t\t\t\t<\/div>\n\t\t<\/section>\n\t\t\t\t<section class=\"elementor-section elementor-top-section elementor-element elementor-element-a5ca217 elementor-section-boxed elementor-section-height-default elementor-section-height-default\" data-id=\"a5ca217\" data-element_type=\"section\" data-e-type=\"section\">\n\t\t\t\t\t\t<div class=\"elementor-container elementor-column-gap-default\">\n\t\t\t\t\t<div class=\"elementor-column elementor-col-100 elementor-top-column elementor-element elementor-element-67dd534\" data-id=\"67dd534\" data-element_type=\"column\" data-e-type=\"column\">\n\t\t\t<div class=\"elementor-widget-wrap elementor-element-populated\">\n\t\t\t\t\t\t<section class=\"elementor-section elementor-inner-section elementor-element elementor-element-0bc1b39 elementor-section-boxed elementor-section-height-default elementor-section-height-default\" data-id=\"0bc1b39\" data-element_type=\"section\" data-e-type=\"section\">\n\t\t\t\t\t\t<div class=\"elementor-container elementor-column-gap-default\">\n\t\t\t\t\t<div class=\"elementor-column elementor-col-100 elementor-inner-column elementor-element elementor-element-ee0d3f0\" data-id=\"ee0d3f0\" data-element_type=\"column\" data-e-type=\"column\">\n\t\t\t<div class=\"elementor-widget-wrap elementor-element-populated\">\n\t\t\t\t\t\t<div class=\"elementor-element elementor-element-f4e1eb1 elementor-widget elementor-widget-spacer\" data-id=\"f4e1eb1\" data-element_type=\"widget\" data-e-type=\"widget\" data-widget_type=\"spacer.default\">\n\t\t\t\t<div class=\"elementor-widget-container\">\n\t\t\t\t\t\t\t<div class=\"elementor-spacer\">\n\t\t\t<div class=\"elementor-spacer-inner\"><\/div>\n\t\t<\/div>\n\t\t\t\t\t\t<\/div>\n\t\t\t\t<\/div>\n\t\t\t\t<div class=\"elementor-element elementor-element-ce4dc25 elementor-widget elementor-widget-heading\" data-id=\"ce4dc25\" data-element_type=\"widget\" data-e-type=\"widget\" data-widget_type=\"heading.default\">\n\t\t\t\t<div class=\"elementor-widget-container\">\n\t\t\t\t\t<h1 class=\"elementor-heading-title elementor-size-default\">CONTACT<\/h1>\t\t\t\t<\/div>\n\t\t\t\t<\/div>\n\t\t\t\t<div class=\"elementor-element elementor-element-5e2390f elementor-widget elementor-widget-heading\" data-id=\"5e2390f\" data-element_type=\"widget\" data-e-type=\"widget\" data-widget_type=\"heading.default\">\n\t\t\t\t<div class=\"elementor-widget-container\">\n\t\t\t\t\t<h2 class=\"elementor-heading-title elementor-size-default\">Thank you for visiting our homepage and for your interest in our practice!<\/h2>\t\t\t\t<\/div>\n\t\t\t\t<\/div>\n\t\t\t\t<div class=\"elementor-element elementor-element-6052293 elementor-widget elementor-widget-text-editor\" data-id=\"6052293\" data-element_type=\"widget\" data-e-type=\"widget\" data-widget_type=\"text-editor.default\">\n\t\t\t\t<div class=\"elementor-widget-container\">\n\t\t\t\t\t\t\t\t\t<div class=\"fusion-text fusion-text-1\"><p>If you have any further questions or would like a non-binding consultation, please write to us or give us a call. We look forward to getting to know you! Thank you very much!<\/p><\/div>\t\t\t\t\t\t\t\t<\/div>\n\t\t\t\t<\/div>\n\t\t\t\t<div class=\"elementor-element elementor-element-61e75d8 elementor-widget elementor-widget-image\" data-id=\"61e75d8\" data-element_type=\"widget\" data-e-type=\"widget\" data-widget_type=\"image.default\">\n\t\t\t\t<div class=\"elementor-widget-container\">\n\t\t\t\t\t\t\t\t\t\t\t\t\t\t\t<img decoding=\"async\" width=\"458\" height=\"30\" src=\"https:\/\/www.icc-m.de\/wp-content\/uploads\/2023\/11\/Group-11.png\" class=\"attachment-large size-large wp-image-5040\" alt=\"\" srcset=\"https:\/\/www.icc-m.de\/wp-content\/uploads\/2023\/11\/Group-11.png 458w, https:\/\/www.icc-m.de\/wp-content\/uploads\/2023\/11\/Group-11-300x20.png 300w\" sizes=\"(max-width: 458px) 100vw, 458px\" \/>\t\t\t\t\t\t\t\t\t\t\t\t\t\t\t<\/div>\n\t\t\t\t<\/div>\n\t\t\t\t<div class=\"elementor-element elementor-element-84732bd elementor-widget elementor-widget-text-editor\" data-id=\"84732bd\" data-element_type=\"widget\" data-e-type=\"widget\" data-widget_type=\"text-editor.default\">\n\t\t\t\t<div class=\"elementor-widget-container\">\n\t\t\t\t\t\t\t\t\t<div class=\"fusion-text fusion-text-1\"><p><span style=\"font-family: var( --e-global-typography-text-font-family ), roc-grotesk;\">Dr. Claudio Cacaci &amp; Dr. Peter Randelzhofer<\/span><\/p><\/div><div class=\"fusion-text fusion-text-2\"><p>Weinstra\u00dfe 4<br \/>80333 M\u00fcnchen<\/p><p><a style=\"font-family: var( --e-global-typography-84fc37a-font-family ), roc-grotesk; font-size: var( --e-global-typography-84fc37a-font-size );\" href=\"mailto:service@icc-m.de\">E-Mail: service@icc-m.de<\/a><\/p><p><a href=\"tel:+498925544470\">+49 89 25544470<\/a><\/p><p>Our telephone consultation hours are from<br \/>Monday through Thursday:<br \/>08:15 &#8211; 13:00 and 14:00 &#8211; 16:30<\/p><\/div>\t\t\t\t\t\t\t\t<\/div>\n\t\t\t\t<\/div>\n\t\t\t\t\t<\/div>\n\t\t<\/div>\n\t\t\t\t\t<\/div>\n\t\t<\/section>\n\t\t\t\t\t<\/div>\n\t\t<\/div>\n\t\t\t\t\t<\/div>\n\t\t<\/section>\n\t\t\t\t<\/div>\n\t\t","protected":false},"excerpt":{"rendered":"<p>CONTACT Thank you for visiting our homepage and for your interest in our practice! If you have any further questions or would like a non-binding consultation, please write to us or give us a call. We look forward to getting to know you! Thank you very much! Dr. Claudio Cacaci &amp; Dr. Peter Randelzhofer Weinstra\u00dfe [&hellip;]<\/p>\n","protected":false},"author":1,"featured_media":0,"parent":0,"menu_order":0,"comment_status":"closed","ping_status":"closed","template":"","meta":{"inline_featured_image":false,"footnotes":""},"class_list":["post-7660","page","type-page","status-publish","hentry"],"yoast_head":"<!-- This site is optimized with the Yoast SEO Premium plugin v27.3 (Yoast SEO v27.3) - https:\/\/yoast.com\/product\/yoast-seo-premium-wordpress\/ -->\n<title>Contact us | ICC-M Zahnarzt M\u00fcnchen Zentrum<\/title>\n<meta name=\"description\" content=\"ICC Implantat Competence Centrum Dr. Claudio Cacaci &amp; Dr. Peter Randelzhofer, unser Kontaktformular \u2013 wir freuen uns auf Sie!\u00a0\" \/>\n<meta name=\"robots\" content=\"index, follow, max-snippet:-1, max-image-preview:large, max-video-preview:-1\" \/>\n<link rel=\"canonical\" href=\"https:\/\/www.icc-m.de\/en\/contact\/\" \/>\n<meta property=\"og:locale\" content=\"en_US\" \/>\n<meta property=\"og:type\" content=\"article\" \/>\n<meta property=\"og:title\" content=\"Contact\" \/>\n<meta property=\"og:description\" content=\"Zahnarzt M\u00fcnchen Zentrum f\u00fcr \u00c4sthetische Zahnmedizin und Implantologie Dr. Cacaci &amp; Dr. Randelzhofer\" \/>\n<meta property=\"og:url\" content=\"https:\/\/www.icc-m.de\/en\/contact\/\" \/>\n<meta property=\"og:site_name\" content=\"ICC-M Zahnarzt M\u00fcnchen Zentrum\" \/>\n<meta property=\"article:modified_time\" content=\"2024-11-19T10:25:40+00:00\" \/>\n<meta property=\"og:image\" content=\"https:\/\/www.icc-m.de\/wp-content\/uploads\/2023\/11\/Group-11.png\" \/>\n\t<meta property=\"og:image:width\" content=\"458\" \/>\n\t<meta property=\"og:image:height\" content=\"30\" \/>\n\t<meta property=\"og:image:type\" content=\"image\/png\" \/>\n<meta name=\"twitter:card\" content=\"summary_large_image\" \/>\n<meta name=\"twitter:label1\" content=\"Est. reading time\" \/>\n\t<meta name=\"twitter:data1\" content=\"1 minute\" \/>\n<script type=\"application\/ld+json\" class=\"yoast-schema-graph\">{\"@context\":\"https:\\\/\\\/schema.org\",\"@graph\":[{\"@type\":\"WebPage\",\"@id\":\"https:\\\/\\\/www.icc-m.de\\\/en\\\/contact\\\/\",\"url\":\"https:\\\/\\\/www.icc-m.de\\\/en\\\/contact\\\/\",\"name\":\"Contact us | ICC-M Zahnarzt M\u00fcnchen Zentrum\",\"isPartOf\":{\"@id\":\"https:\\\/\\\/www.icc-m.de\\\/en\\\/#website\"},\"primaryImageOfPage\":{\"@id\":\"https:\\\/\\\/www.icc-m.de\\\/en\\\/contact\\\/#primaryimage\"},\"image\":{\"@id\":\"https:\\\/\\\/www.icc-m.de\\\/en\\\/contact\\\/#primaryimage\"},\"thumbnailUrl\":\"https:\\\/\\\/www.icc-m.de\\\/wp-content\\\/uploads\\\/2023\\\/11\\\/Group-11.png\",\"datePublished\":\"2024-03-16T18:29:17+00:00\",\"dateModified\":\"2024-11-19T10:25:40+00:00\",\"description\":\"ICC Implantat Competence Centrum Dr. Claudio Cacaci & Dr. Peter Randelzhofer, unser Kontaktformular \u2013 wir freuen uns auf Sie!\u00a0\",\"breadcrumb\":{\"@id\":\"https:\\\/\\\/www.icc-m.de\\\/en\\\/contact\\\/#breadcrumb\"},\"inLanguage\":\"en-US\",\"potentialAction\":[{\"@type\":\"ReadAction\",\"target\":[\"https:\\\/\\\/www.icc-m.de\\\/en\\\/contact\\\/\"]}]},{\"@type\":\"ImageObject\",\"inLanguage\":\"en-US\",\"@id\":\"https:\\\/\\\/www.icc-m.de\\\/en\\\/contact\\\/#primaryimage\",\"url\":\"https:\\\/\\\/www.icc-m.de\\\/wp-content\\\/uploads\\\/2023\\\/11\\\/Group-11.png\",\"contentUrl\":\"https:\\\/\\\/www.icc-m.de\\\/wp-content\\\/uploads\\\/2023\\\/11\\\/Group-11.png\"},{\"@type\":\"BreadcrumbList\",\"@id\":\"https:\\\/\\\/www.icc-m.de\\\/en\\\/contact\\\/#breadcrumb\",\"itemListElement\":[{\"@type\":\"ListItem\",\"position\":1,\"name\":\"Home\",\"item\":\"https:\\\/\\\/www.icc-m.de\\\/en\\\/\"},{\"@type\":\"ListItem\",\"position\":2,\"name\":\"Contact\"}]},{\"@type\":\"WebSite\",\"@id\":\"https:\\\/\\\/www.icc-m.de\\\/en\\\/#website\",\"url\":\"https:\\\/\\\/www.icc-m.de\\\/en\\\/\",\"name\":\"ICC-M Zahnarzt M\u00fcnchen Zentrum\",\"description\":\"Zahnarzt M\u00fcnchen Zentrum f\u00fcr \u00c4sthetische Zahnmedizin und Implantologie Dr. Cacaci &amp; Dr. Randelzhofer\",\"publisher\":{\"@id\":\"https:\\\/\\\/www.icc-m.de\\\/en\\\/#organization\"},\"alternateName\":\"ICC-M Zahnarzt M\u00fcnchen Zentrum\",\"potentialAction\":[{\"@type\":\"SearchAction\",\"target\":{\"@type\":\"EntryPoint\",\"urlTemplate\":\"https:\\\/\\\/www.icc-m.de\\\/en\\\/?s={search_term_string}\"},\"query-input\":{\"@type\":\"PropertyValueSpecification\",\"valueRequired\":true,\"valueName\":\"search_term_string\"}}],\"inLanguage\":\"en-US\"},{\"@type\":\"Organization\",\"@id\":\"https:\\\/\\\/www.icc-m.de\\\/en\\\/#organization\",\"name\":\"ICC-M Implantat Competence Centrum M\u00fcnchen\",\"alternateName\":\"ICC-M\",\"url\":\"https:\\\/\\\/www.icc-m.de\\\/en\\\/\",\"logo\":{\"@type\":\"ImageObject\",\"inLanguage\":\"en-US\",\"@id\":\"https:\\\/\\\/www.icc-m.de\\\/en\\\/#\\\/schema\\\/logo\\\/image\\\/\",\"url\":\"https:\\\/\\\/www.icc-m.de\\\/wp-content\\\/uploads\\\/2023\\\/11\\\/Logo-russisch.jpg\",\"contentUrl\":\"https:\\\/\\\/www.icc-m.de\\\/wp-content\\\/uploads\\\/2023\\\/11\\\/Logo-russisch.jpg\",\"width\":142,\"height\":142,\"caption\":\"ICC-M Implantat Competence Centrum M\u00fcnchen\"},\"image\":{\"@id\":\"https:\\\/\\\/www.icc-m.de\\\/en\\\/#\\\/schema\\\/logo\\\/image\\\/\"},\"sameAs\":[\"https:\\\/\\\/www.instagram.com\\\/implantat_competence_centrum\\\/\"],\"description\":\"Zahnarzt M\u00fcnchen f\u00fcr \u00c4sthetische Zahnmedizin und Implantologie auf h\u00f6chstem Niveau\",\"email\":\"service@icc-m.de\",\"telephone\":\"+49 89 25544470\",\"legalName\":\"Gemeinschaftspraxis Cacaci & Randelzhofer Dr. med. dent. Claudio Cacaci, ZA Oralchirurgie Dr. med. dent. Peter Randelzhofer\",\"numberOfEmployees\":{\"@type\":\"QuantitativeValue\",\"minValue\":\"1\",\"maxValue\":\"10\"}}]}<\/script>\n<!-- \/ Yoast SEO Premium plugin. -->","yoast_head_json":{"title":"Contact us | ICC-M Zahnarzt M\u00fcnchen Zentrum","description":"ICC Implantat Competence Centrum Dr. Claudio Cacaci & Dr. Peter Randelzhofer, unser Kontaktformular \u2013 wir freuen uns auf Sie!\u00a0","robots":{"index":"index","follow":"follow","max-snippet":"max-snippet:-1","max-image-preview":"max-image-preview:large","max-video-preview":"max-video-preview:-1"},"canonical":"https:\/\/www.icc-m.de\/en\/contact\/","og_locale":"en_US","og_type":"article","og_title":"Contact","og_description":"Zahnarzt M\u00fcnchen Zentrum f\u00fcr \u00c4sthetische Zahnmedizin und Implantologie Dr. Cacaci & Dr. Randelzhofer","og_url":"https:\/\/www.icc-m.de\/en\/contact\/","og_site_name":"ICC-M Zahnarzt M\u00fcnchen Zentrum","article_modified_time":"2024-11-19T10:25:40+00:00","og_image":[{"width":458,"height":30,"url":"https:\/\/www.icc-m.de\/wp-content\/uploads\/2023\/11\/Group-11.png","type":"image\/png"}],"twitter_card":"summary_large_image","twitter_misc":{"Est. reading time":"1 minute"},"schema":{"@context":"https:\/\/schema.org","@graph":[{"@type":"WebPage","@id":"https:\/\/www.icc-m.de\/en\/contact\/","url":"https:\/\/www.icc-m.de\/en\/contact\/","name":"Contact us | ICC-M Zahnarzt M\u00fcnchen Zentrum","isPartOf":{"@id":"https:\/\/www.icc-m.de\/en\/#website"},"primaryImageOfPage":{"@id":"https:\/\/www.icc-m.de\/en\/contact\/#primaryimage"},"image":{"@id":"https:\/\/www.icc-m.de\/en\/contact\/#primaryimage"},"thumbnailUrl":"https:\/\/www.icc-m.de\/wp-content\/uploads\/2023\/11\/Group-11.png","datePublished":"2024-03-16T18:29:17+00:00","dateModified":"2024-11-19T10:25:40+00:00","description":"ICC Implantat Competence Centrum Dr. Claudio Cacaci & Dr. Peter Randelzhofer, unser Kontaktformular \u2013 wir freuen uns auf Sie!\u00a0","breadcrumb":{"@id":"https:\/\/www.icc-m.de\/en\/contact\/#breadcrumb"},"inLanguage":"en-US","potentialAction":[{"@type":"ReadAction","target":["https:\/\/www.icc-m.de\/en\/contact\/"]}]},{"@type":"ImageObject","inLanguage":"en-US","@id":"https:\/\/www.icc-m.de\/en\/contact\/#primaryimage","url":"https:\/\/www.icc-m.de\/wp-content\/uploads\/2023\/11\/Group-11.png","contentUrl":"https:\/\/www.icc-m.de\/wp-content\/uploads\/2023\/11\/Group-11.png"},{"@type":"BreadcrumbList","@id":"https:\/\/www.icc-m.de\/en\/contact\/#breadcrumb","itemListElement":[{"@type":"ListItem","position":1,"name":"Home","item":"https:\/\/www.icc-m.de\/en\/"},{"@type":"ListItem","position":2,"name":"Contact"}]},{"@type":"WebSite","@id":"https:\/\/www.icc-m.de\/en\/#website","url":"https:\/\/www.icc-m.de\/en\/","name":"ICC-M Zahnarzt M\u00fcnchen Zentrum","description":"Zahnarzt M\u00fcnchen Zentrum f\u00fcr \u00c4sthetische Zahnmedizin und Implantologie Dr. Cacaci &amp; Dr. Randelzhofer","publisher":{"@id":"https:\/\/www.icc-m.de\/en\/#organization"},"alternateName":"ICC-M Zahnarzt M\u00fcnchen Zentrum","potentialAction":[{"@type":"SearchAction","target":{"@type":"EntryPoint","urlTemplate":"https:\/\/www.icc-m.de\/en\/?s={search_term_string}"},"query-input":{"@type":"PropertyValueSpecification","valueRequired":true,"valueName":"search_term_string"}}],"inLanguage":"en-US"},{"@type":"Organization","@id":"https:\/\/www.icc-m.de\/en\/#organization","name":"ICC-M Implantat Competence Centrum M\u00fcnchen","alternateName":"ICC-M","url":"https:\/\/www.icc-m.de\/en\/","logo":{"@type":"ImageObject","inLanguage":"en-US","@id":"https:\/\/www.icc-m.de\/en\/#\/schema\/logo\/image\/","url":"https:\/\/www.icc-m.de\/wp-content\/uploads\/2023\/11\/Logo-russisch.jpg","contentUrl":"https:\/\/www.icc-m.de\/wp-content\/uploads\/2023\/11\/Logo-russisch.jpg","width":142,"height":142,"caption":"ICC-M Implantat Competence Centrum M\u00fcnchen"},"image":{"@id":"https:\/\/www.icc-m.de\/en\/#\/schema\/logo\/image\/"},"sameAs":["https:\/\/www.instagram.com\/implantat_competence_centrum\/"],"description":"Zahnarzt M\u00fcnchen f\u00fcr \u00c4sthetische Zahnmedizin und Implantologie auf h\u00f6chstem Niveau","email":"service@icc-m.de","telephone":"+49 89 25544470","legalName":"Gemeinschaftspraxis Cacaci & Randelzhofer Dr. med. dent. Claudio Cacaci, ZA Oralchirurgie Dr. med. dent. Peter Randelzhofer","numberOfEmployees":{"@type":"QuantitativeValue","minValue":"1","maxValue":"10"}}]}},"_links":{"self":[{"href":"https:\/\/www.icc-m.de\/en\/wp-json\/wp\/v2\/pages\/7660","targetHints":{"allow":["GET"]}}],"collection":[{"href":"https:\/\/www.icc-m.de\/en\/wp-json\/wp\/v2\/pages"}],"about":[{"href":"https:\/\/www.icc-m.de\/en\/wp-json\/wp\/v2\/types\/page"}],"author":[{"embeddable":true,"href":"https:\/\/www.icc-m.de\/en\/wp-json\/wp\/v2\/users\/1"}],"replies":[{"embeddable":true,"href":"https:\/\/www.icc-m.de\/en\/wp-json\/wp\/v2\/comments?post=7660"}],"version-history":[{"count":34,"href":"https:\/\/www.icc-m.de\/en\/wp-json\/wp\/v2\/pages\/7660\/revisions"}],"predecessor-version":[{"id":10835,"href":"https:\/\/www.icc-m.de\/en\/wp-json\/wp\/v2\/pages\/7660\/revisions\/10835"}],"wp:attachment":[{"href":"https:\/\/www.icc-m.de\/en\/wp-json\/wp\/v2\/media?parent=7660"}],"curies":[{"name":"wp","href":"https:\/\/api.w.org\/{rel}","templated":true}]}}