{"id":8188,"date":"2024-03-16T18:27:51","date_gmt":"2024-03-16T18:27:51","guid":{"rendered":"http:\/\/icc-m.btvi-marketing-consultants.de\/?page_id=8188"},"modified":"2024-11-04T12:17:17","modified_gmt":"2024-11-04T12:17:17","slug":"dentist-blog","status":"publish","type":"page","link":"https:\/\/www.icc-m.de\/en\/dentist-blog\/","title":{"rendered":"Dentist Blog"},"content":{"rendered":"\t\t<div data-elementor-type=\"wp-page\" data-elementor-id=\"8188\" class=\"elementor elementor-8188 elementor-2885\" data-elementor-post-type=\"page\">\n\t\t\t\t\t\t<section class=\"elementor-section elementor-top-section elementor-element elementor-element-a5ca217 elementor-section-boxed elementor-section-height-default elementor-section-height-default\" data-id=\"a5ca217\" data-element_type=\"section\" data-e-type=\"section\">\n\t\t\t\t\t\t<div class=\"elementor-container elementor-column-gap-default\">\n\t\t\t\t\t<div class=\"elementor-column elementor-col-100 elementor-top-column elementor-element elementor-element-67dd534\" data-id=\"67dd534\" data-element_type=\"column\" data-e-type=\"column\">\n\t\t\t<div class=\"elementor-widget-wrap elementor-element-populated\">\n\t\t\t\t\t\t<section class=\"elementor-section elementor-inner-section elementor-element elementor-element-0bc1b39 elementor-section-boxed elementor-section-height-default elementor-section-height-default\" data-id=\"0bc1b39\" data-element_type=\"section\" data-e-type=\"section\">\n\t\t\t\t\t\t<div class=\"elementor-container elementor-column-gap-default\">\n\t\t\t\t\t<div class=\"elementor-column elementor-col-100 elementor-inner-column elementor-element elementor-element-ee0d3f0\" data-id=\"ee0d3f0\" data-element_type=\"column\" data-e-type=\"column\">\n\t\t\t<div class=\"elementor-widget-wrap elementor-element-populated\">\n\t\t\t\t\t\t<div class=\"elementor-element elementor-element-f4e1eb1 elementor-widget elementor-widget-spacer\" data-id=\"f4e1eb1\" data-element_type=\"widget\" data-e-type=\"widget\" data-widget_type=\"spacer.default\">\n\t\t\t\t<div class=\"elementor-widget-container\">\n\t\t\t\t\t\t\t<div class=\"elementor-spacer\">\n\t\t\t<div class=\"elementor-spacer-inner\"><\/div>\n\t\t<\/div>\n\t\t\t\t\t\t<\/div>\n\t\t\t\t<\/div>\n\t\t\t\t<div class=\"elementor-element elementor-element-ce4dc25 elementor-widget elementor-widget-heading\" data-id=\"ce4dc25\" data-element_type=\"widget\" data-e-type=\"widget\" data-widget_type=\"heading.default\">\n\t\t\t\t<div class=\"elementor-widget-container\">\n\t\t\t\t\t<h1 class=\"elementor-heading-title elementor-size-default\">dentist blog<\/h1>\t\t\t\t<\/div>\n\t\t\t\t<\/div>\n\t\t\t\t\t<\/div>\n\t\t<\/div>\n\t\t\t\t\t<\/div>\n\t\t<\/section>\n\t\t\t\t\t<\/div>\n\t\t<\/div>\n\t\t\t\t\t<\/div>\n\t\t<\/section>\n\t\t\t\t<section class=\"elementor-section elementor-top-section elementor-element elementor-element-46f805b elementor-section-boxed elementor-section-height-default elementor-section-height-default\" data-id=\"46f805b\" data-element_type=\"section\" data-e-type=\"section\">\n\t\t\t\t\t\t<div class=\"elementor-container elementor-column-gap-default\">\n\t\t\t\t\t<div class=\"elementor-column elementor-col-100 elementor-top-column elementor-element elementor-element-bcb69d3\" data-id=\"bcb69d3\" data-element_type=\"column\" data-e-type=\"column\">\n\t\t\t<div class=\"elementor-widget-wrap elementor-element-populated\">\n\t\t\t\t\t\t<section class=\"elementor-section elementor-inner-section elementor-element elementor-element-af37b47 elementor-section-boxed elementor-section-height-default elementor-section-height-default\" data-id=\"af37b47\" data-element_type=\"section\" data-e-type=\"section\">\n\t\t\t\t\t\t<div class=\"elementor-container elementor-column-gap-default\">\n\t\t\t\t\t<div class=\"elementor-column elementor-col-100 elementor-inner-column elementor-element elementor-element-6cb9dbd\" data-id=\"6cb9dbd\" data-element_type=\"column\" data-e-type=\"column\">\n\t\t\t<div class=\"elementor-widget-wrap elementor-element-populated\">\n\t\t\t\t\t\t<div class=\"elementor-element elementor-element-4605a50 elementor-widget elementor-widget-elementskit-blog-posts\" data-id=\"4605a50\" data-element_type=\"widget\" data-e-type=\"widget\" data-widget_type=\"elementskit-blog-posts.default\">\n\t\t\t\t<div class=\"elementor-widget-container\">\n\t\t\t\t\t<div class=\"ekit-wid-con\" >\n        <div id=\"post-items--4605a50\" class=\"row post-items ekit-blog-posts-content wihout-masonry \" data-enable=\"no\">\n\n\t\t\t<!-- Blog Carousel markup render -->\n\t\t\t\n\n            <div class=\"col-lg-4 col-md-6\">\n\n                                    <div class=\"elementskit-post-image-card\">\n                        <div class=\"elementskit-entry-header\">\n                                                            <a href=\"https:\/\/www.icc-m.de\/en\/fixed-teeth-instantly_\/\" class=\"elementskit-entry-thumb\">\n                                    <img decoding=\"async\" src=\"https:\/\/www.icc-m.de\/wp-content\/uploads\/2024\/06\/festezaehne.jpg\" alt=\"Fixed Teeth Instantly\">\n                                <\/a><!-- .elementskit-entry-thumb END -->\n                                                            \n                            \n                                                    <\/div><!-- .elementskit-entry-header END -->\n\n                        <div class=\"elementskit-post-body \">\n                            \t\t\t\t\t\t\t\t\t\t                <h2 class=\"entry-title\">\n                    <a href=\"https:\/\/www.icc-m.de\/en\/fixed-teeth-instantly_\/\">\n                            Fixed Teeth Instantly                    <\/a>\n                <\/h2>\n                                                        \n                                                                                                                        \n                                        \n                                                                                                                                    \t\t\t\t\t\t\t\t\t\t<p>Fixed Teeth Instantly In one day at our Implant Competence Center When placed by an expert, so-called instant implants present a safe and painless alternative to the traditional dental implant.&hellip;<\/p>\n                                                                                                                                                <\/div><!-- .elementskit-post-body END -->\n                    <\/div>\n                \n            <\/div>\t\t\t\t\n\n            <div class=\"col-lg-4 col-md-6\">\n\n                                    <div class=\"elementskit-post-image-card\">\n                        <div class=\"elementskit-entry-header\">\n                                                            <a href=\"https:\/\/www.icc-m.de\/en\/treatment-process\/\" class=\"elementskit-entry-thumb\">\n                                    <img decoding=\"async\" src=\"https:\/\/www.icc-m.de\/wp-content\/uploads\/2016\/11\/Sofortimplantate_Behandlung-1-1024x410.jpg\" alt=\"Treatment process\">\n                                <\/a><!-- .elementskit-entry-thumb END -->\n                                                            \n                            \n                                                    <\/div><!-- .elementskit-entry-header END -->\n\n                        <div class=\"elementskit-post-body \">\n                            \t\t\t\t\t\t\t\t\t\t                <h2 class=\"entry-title\">\n                    <a href=\"https:\/\/www.icc-m.de\/en\/treatment-process\/\">\n                            Treatment process                    <\/a>\n                <\/h2>\n                                                        \n                                                                                                                        \n                                        \n                                                                                                                                    \t\t\t\t\t\t\t\t\t\t<p>For diagnostic purposes, we develop a digital volume tomogram at our practice. This x-ray imagine gives us detailed, 3-dimensional views of the anatomy of your jaw.<\/p>\n                                                                                                                                                <\/div><!-- .elementskit-post-body END -->\n                    <\/div>\n                \n            <\/div>\t\t\t\t\n\n            <div class=\"col-lg-4 col-md-6\">\n\n                                    <div class=\"elementskit-post-image-card\">\n                        <div class=\"elementskit-entry-header\">\n                                                            <a href=\"https:\/\/www.icc-m.de\/en\/sinus-lift-surgery\/\" class=\"elementskit-entry-thumb\">\n                                    <img decoding=\"async\" src=\"https:\/\/www.icc-m.de\/wp-content\/uploads\/2024\/06\/sinuslift-operation-1024x410.jpg\" alt=\"Sinus lift\">\n                                <\/a><!-- .elementskit-entry-thumb END -->\n                                                            \n                            \n                                                    <\/div><!-- .elementskit-entry-header END -->\n\n                        <div class=\"elementskit-post-body \">\n                            \t\t\t\t\t\t\t\t\t\t                <h2 class=\"entry-title\">\n                    <a href=\"https:\/\/www.icc-m.de\/en\/sinus-lift-surgery\/\">\n                            Sinus lift                    <\/a>\n                <\/h2>\n                                                        \n                                                                                                                        \n                                        \n                                                                                                                                    \t\t\t\t\t\t\t\t\t\t<p>When performed by an expert, the sinus lift is one of the safest methods of bone reconstruction for the posterior area of the upper jaw!<\/p>\n                                                                                                                                                <\/div><!-- .elementskit-post-body END -->\n                    <\/div>\n                \n            <\/div>\t\t\t\t\n\n            <div class=\"col-lg-4 col-md-6\">\n\n                                    <div class=\"elementskit-post-image-card\">\n                        <div class=\"elementskit-entry-header\">\n                                                            <a href=\"https:\/\/www.icc-m.de\/en\/organic-sinus-lift\/\" class=\"elementskit-entry-thumb\">\n                                    <img decoding=\"async\" src=\"https:\/\/www.icc-m.de\/wp-content\/uploads\/2024\/02\/older-lady-with-pool-1024x683.jpg\" alt=\"Organic sinus lift\">\n                                <\/a><!-- .elementskit-entry-thumb END -->\n                                                            \n                            \n                                                    <\/div><!-- .elementskit-entry-header END -->\n\n                        <div class=\"elementskit-post-body \">\n                            \t\t\t\t\t\t\t\t\t\t                <h2 class=\"entry-title\">\n                    <a href=\"https:\/\/www.icc-m.de\/en\/organic-sinus-lift\/\">\n                            Organic sinus lift                    <\/a>\n                <\/h2>\n                                                        \n                                                                                                                        \n                                        \n                                                                                                                                    \t\t\t\t\t\t\t\t\t\t<p>We have been offering this procedure at our practice since 2013 and have seen very good results in conjunction with special implants that facilitate growth through the bone via the&hellip;<\/p>\n                                                                                                                                                <\/div><!-- .elementskit-post-body END -->\n                    <\/div>\n                \n            <\/div>\t\t\t\t\n\n            <div class=\"col-lg-4 col-md-6\">\n\n                                    <div class=\"elementskit-post-image-card\">\n                        <div class=\"elementskit-entry-header\">\n                                                            <a href=\"https:\/\/www.icc-m.de\/en\/bone-grafting\/\" class=\"elementskit-entry-thumb\">\n                                    <img decoding=\"async\" src=\"https:\/\/www.icc-m.de\/wp-content\/uploads\/2024\/06\/Knochenaufbau-1.jpg\" alt=\"Bone grafting\">\n                                <\/a><!-- .elementskit-entry-thumb END -->\n                                                            \n                            \n                                                    <\/div><!-- .elementskit-entry-header END -->\n\n                        <div class=\"elementskit-post-body \">\n                            \t\t\t\t\t\t\t\t\t\t                <h2 class=\"entry-title\">\n                    <a href=\"https:\/\/www.icc-m.de\/en\/bone-grafting\/\">\n                            Bone grafting                    <\/a>\n                <\/h2>\n                                                        \n                                                                                                                        \n                                        \n                                                                                                                                    \t\t\t\t\t\t\t\t\t\t<p>Implantation requires a sufficient amount of bone volume. Even patients whose bone bass has been reduced due to many years of tooth loss can still be candidates for implantology.<\/p>\n                                                                                                                                                <\/div><!-- .elementskit-post-body END -->\n                    <\/div>\n                \n            <\/div>\t\t\t\t\n\n            <div class=\"col-lg-4 col-md-6\">\n\n                                    <div class=\"elementskit-post-image-card\">\n                        <div class=\"elementskit-entry-header\">\n                                                            <a href=\"https:\/\/www.icc-m.de\/en\/microsurgery\/\" class=\"elementskit-entry-thumb\">\n                                    <img decoding=\"async\" src=\"https:\/\/www.icc-m.de\/wp-content\/uploads\/2016\/02\/OP-Dr.-Cacaci.jpg\" alt=\"Microsurgery\">\n                                <\/a><!-- .elementskit-entry-thumb END -->\n                                                            \n                            \n                                                    <\/div><!-- .elementskit-entry-header END -->\n\n                        <div class=\"elementskit-post-body \">\n                            \t\t\t\t\t\t\t\t\t\t                <h2 class=\"entry-title\">\n                    <a href=\"https:\/\/www.icc-m.de\/en\/microsurgery\/\">\n                            Microsurgery                    <\/a>\n                <\/h2>\n                                                        \n                                                                                                                        \n                                        \n                                                                                                                                    \t\t\t\t\t\t\t\t\t\t<p>Bones and soft tissue in the oral cavity are of the most delicate nature. Accordingly, these structures must be handled with a great deal of sensitivity in every treatment intervention.<\/p>\n                                                                                                                                                <\/div><!-- .elementskit-post-body END -->\n                    <\/div>\n                \n            <\/div>\t\t\t\t        <\/div>\n\n\n                    <div\n            data-ekit-blog-post-style=\"numbered\"\n            class=\"ekit-blog-post-pagination-container ekit-blog-post-pagination-style-numbered\"\n            id=\"post-nagivation--4605a50\">\n                <span aria-current=\"page\" class=\"page-numbers current\">1<\/span>\n<a class=\"page-numbers\" href=\"https:\/\/www.icc-m.de\/en\/wp-json\/wp\/v2\/pages\/8188\/?ekit-blog-posts-paged=2\">2<\/a>\n<a class=\"next page-numbers\" href=\"https:\/\/www.icc-m.de\/en\/wp-json\/wp\/v2\/pages\/8188\/?ekit-blog-posts-paged=2\">Next<\/a>            <\/div>\n\n            <\/div>\t\t\t\t<\/div>\n\t\t\t\t<\/div>\n\t\t\t\t\t<\/div>\n\t\t<\/div>\n\t\t\t\t\t<\/div>\n\t\t<\/section>\n\t\t\t\t\t<\/div>\n\t\t<\/div>\n\t\t\t\t\t<\/div>\n\t\t<\/section>\n\t\t\t\t<\/div>\n\t\t","protected":false},"excerpt":{"rendered":"<p>dentist blog<\/p>\n","protected":false},"author":1,"featured_media":0,"parent":0,"menu_order":0,"comment_status":"closed","ping_status":"closed","template":"","meta":{"inline_featured_image":false,"footnotes":""},"class_list":["post-8188","page","type-page","status-publish","hentry"],"yoast_head":"<!-- This site is optimized with the Yoast SEO Premium plugin v27.3 (Yoast SEO v27.3) - https:\/\/yoast.com\/product\/yoast-seo-premium-wordpress\/ -->\n<title>Dentist Blog | ICC Dental Implant Dentist Munich<\/title>\n<meta name=\"description\" content=\"Dentsit blog page of the ICC Implant Competece Center in city center downtown Munich close to Marienplatz.\" \/>\n<meta name=\"robots\" content=\"index, follow, max-snippet:-1, max-image-preview:large, max-video-preview:-1\" \/>\n<link rel=\"canonical\" href=\"https:\/\/www.icc-m.de\/en\/dentist-blog\/\" \/>\n<meta property=\"og:locale\" content=\"en_US\" \/>\n<meta property=\"og:type\" content=\"article\" \/>\n<meta property=\"og:title\" content=\"Dentist Blog\" \/>\n<meta property=\"og:description\" content=\"Zahnarzt M\u00fcnchen Zentrum f\u00fcr \u00c4sthetische Zahnmedizin und Implantologie Dr. Cacaci &amp; Dr. Randelzhofer\" \/>\n<meta property=\"og:url\" content=\"https:\/\/www.icc-m.de\/en\/dentist-blog\/\" \/>\n<meta property=\"og:site_name\" content=\"ICC-M Zahnarzt M\u00fcnchen Zentrum\" \/>\n<meta property=\"article:modified_time\" content=\"2024-11-04T12:17:17+00:00\" \/>\n<meta property=\"og:image\" content=\"https:\/\/www.icc-m.de\/wp-content\/uploads\/2024\/07\/DSC02546.jpg\" \/>\n\t<meta property=\"og:image:width\" content=\"1200\" \/>\n\t<meta property=\"og:image:height\" content=\"800\" \/>\n\t<meta property=\"og:image:type\" content=\"image\/jpeg\" \/>\n<meta name=\"twitter:card\" content=\"summary_large_image\" \/>\n<meta name=\"twitter:label1\" content=\"Est. reading time\" \/>\n\t<meta name=\"twitter:data1\" content=\"3 minutes\" \/>\n<script type=\"application\/ld+json\" class=\"yoast-schema-graph\">{\"@context\":\"https:\\\/\\\/schema.org\",\"@graph\":[{\"@type\":\"WebPage\",\"@id\":\"https:\\\/\\\/www.icc-m.de\\\/en\\\/dentist-blog\\\/\",\"url\":\"https:\\\/\\\/www.icc-m.de\\\/en\\\/dentist-blog\\\/\",\"name\":\"Dentist Blog | ICC Dental Implant Dentist Munich\",\"isPartOf\":{\"@id\":\"https:\\\/\\\/www.icc-m.de\\\/en\\\/#website\"},\"datePublished\":\"2024-03-16T18:27:51+00:00\",\"dateModified\":\"2024-11-04T12:17:17+00:00\",\"description\":\"Dentsit blog page of the ICC Implant Competece Center in city center downtown Munich close to Marienplatz.\",\"breadcrumb\":{\"@id\":\"https:\\\/\\\/www.icc-m.de\\\/en\\\/dentist-blog\\\/#breadcrumb\"},\"inLanguage\":\"en-US\",\"potentialAction\":[{\"@type\":\"ReadAction\",\"target\":[\"https:\\\/\\\/www.icc-m.de\\\/en\\\/dentist-blog\\\/\"]}]},{\"@type\":\"BreadcrumbList\",\"@id\":\"https:\\\/\\\/www.icc-m.de\\\/en\\\/dentist-blog\\\/#breadcrumb\",\"itemListElement\":[{\"@type\":\"ListItem\",\"position\":1,\"name\":\"Home\",\"item\":\"https:\\\/\\\/www.icc-m.de\\\/en\\\/\"},{\"@type\":\"ListItem\",\"position\":2,\"name\":\"Dentist Blog\"}]},{\"@type\":\"WebSite\",\"@id\":\"https:\\\/\\\/www.icc-m.de\\\/en\\\/#website\",\"url\":\"https:\\\/\\\/www.icc-m.de\\\/en\\\/\",\"name\":\"ICC-M Zahnarzt M\u00fcnchen Zentrum\",\"description\":\"Zahnarzt M\u00fcnchen Zentrum f\u00fcr \u00c4sthetische Zahnmedizin und Implantologie Dr. Cacaci &amp; Dr. Randelzhofer\",\"publisher\":{\"@id\":\"https:\\\/\\\/www.icc-m.de\\\/en\\\/#organization\"},\"alternateName\":\"ICC-M Zahnarzt M\u00fcnchen Zentrum\",\"potentialAction\":[{\"@type\":\"SearchAction\",\"target\":{\"@type\":\"EntryPoint\",\"urlTemplate\":\"https:\\\/\\\/www.icc-m.de\\\/en\\\/?s={search_term_string}\"},\"query-input\":{\"@type\":\"PropertyValueSpecification\",\"valueRequired\":true,\"valueName\":\"search_term_string\"}}],\"inLanguage\":\"en-US\"},{\"@type\":\"Organization\",\"@id\":\"https:\\\/\\\/www.icc-m.de\\\/en\\\/#organization\",\"name\":\"ICC-M Implantat Competence Centrum M\u00fcnchen\",\"alternateName\":\"ICC-M\",\"url\":\"https:\\\/\\\/www.icc-m.de\\\/en\\\/\",\"logo\":{\"@type\":\"ImageObject\",\"inLanguage\":\"en-US\",\"@id\":\"https:\\\/\\\/www.icc-m.de\\\/en\\\/#\\\/schema\\\/logo\\\/image\\\/\",\"url\":\"https:\\\/\\\/www.icc-m.de\\\/wp-content\\\/uploads\\\/2023\\\/11\\\/Logo-russisch.jpg\",\"contentUrl\":\"https:\\\/\\\/www.icc-m.de\\\/wp-content\\\/uploads\\\/2023\\\/11\\\/Logo-russisch.jpg\",\"width\":142,\"height\":142,\"caption\":\"ICC-M Implantat Competence Centrum M\u00fcnchen\"},\"image\":{\"@id\":\"https:\\\/\\\/www.icc-m.de\\\/en\\\/#\\\/schema\\\/logo\\\/image\\\/\"},\"sameAs\":[\"https:\\\/\\\/www.instagram.com\\\/implantat_competence_centrum\\\/\"],\"description\":\"Zahnarzt M\u00fcnchen f\u00fcr \u00c4sthetische Zahnmedizin und Implantologie auf h\u00f6chstem Niveau\",\"email\":\"service@icc-m.de\",\"telephone\":\"+49 89 25544470\",\"legalName\":\"Gemeinschaftspraxis Cacaci & Randelzhofer Dr. med. dent. Claudio Cacaci, ZA Oralchirurgie Dr. med. dent. Peter Randelzhofer\",\"numberOfEmployees\":{\"@type\":\"QuantitativeValue\",\"minValue\":\"1\",\"maxValue\":\"10\"}}]}<\/script>\n<!-- \/ Yoast SEO Premium plugin. -->","yoast_head_json":{"title":"Dentist Blog | ICC Dental Implant Dentist Munich","description":"Dentsit blog page of the ICC Implant Competece Center in city center downtown Munich close to Marienplatz.","robots":{"index":"index","follow":"follow","max-snippet":"max-snippet:-1","max-image-preview":"max-image-preview:large","max-video-preview":"max-video-preview:-1"},"canonical":"https:\/\/www.icc-m.de\/en\/dentist-blog\/","og_locale":"en_US","og_type":"article","og_title":"Dentist Blog","og_description":"Zahnarzt M\u00fcnchen Zentrum f\u00fcr \u00c4sthetische Zahnmedizin und Implantologie Dr. Cacaci & Dr. Randelzhofer","og_url":"https:\/\/www.icc-m.de\/en\/dentist-blog\/","og_site_name":"ICC-M Zahnarzt M\u00fcnchen Zentrum","article_modified_time":"2024-11-04T12:17:17+00:00","og_image":[{"width":1200,"height":800,"url":"https:\/\/www.icc-m.de\/wp-content\/uploads\/2024\/07\/DSC02546.jpg","type":"image\/jpeg"}],"twitter_card":"summary_large_image","twitter_misc":{"Est. reading time":"3 minutes"},"schema":{"@context":"https:\/\/schema.org","@graph":[{"@type":"WebPage","@id":"https:\/\/www.icc-m.de\/en\/dentist-blog\/","url":"https:\/\/www.icc-m.de\/en\/dentist-blog\/","name":"Dentist Blog | ICC Dental Implant Dentist Munich","isPartOf":{"@id":"https:\/\/www.icc-m.de\/en\/#website"},"datePublished":"2024-03-16T18:27:51+00:00","dateModified":"2024-11-04T12:17:17+00:00","description":"Dentsit blog page of the ICC Implant Competece Center in city center downtown Munich close to Marienplatz.","breadcrumb":{"@id":"https:\/\/www.icc-m.de\/en\/dentist-blog\/#breadcrumb"},"inLanguage":"en-US","potentialAction":[{"@type":"ReadAction","target":["https:\/\/www.icc-m.de\/en\/dentist-blog\/"]}]},{"@type":"BreadcrumbList","@id":"https:\/\/www.icc-m.de\/en\/dentist-blog\/#breadcrumb","itemListElement":[{"@type":"ListItem","position":1,"name":"Home","item":"https:\/\/www.icc-m.de\/en\/"},{"@type":"ListItem","position":2,"name":"Dentist Blog"}]},{"@type":"WebSite","@id":"https:\/\/www.icc-m.de\/en\/#website","url":"https:\/\/www.icc-m.de\/en\/","name":"ICC-M Zahnarzt M\u00fcnchen Zentrum","description":"Zahnarzt M\u00fcnchen Zentrum f\u00fcr \u00c4sthetische Zahnmedizin und Implantologie Dr. Cacaci &amp; Dr. Randelzhofer","publisher":{"@id":"https:\/\/www.icc-m.de\/en\/#organization"},"alternateName":"ICC-M Zahnarzt M\u00fcnchen Zentrum","potentialAction":[{"@type":"SearchAction","target":{"@type":"EntryPoint","urlTemplate":"https:\/\/www.icc-m.de\/en\/?s={search_term_string}"},"query-input":{"@type":"PropertyValueSpecification","valueRequired":true,"valueName":"search_term_string"}}],"inLanguage":"en-US"},{"@type":"Organization","@id":"https:\/\/www.icc-m.de\/en\/#organization","name":"ICC-M Implantat Competence Centrum M\u00fcnchen","alternateName":"ICC-M","url":"https:\/\/www.icc-m.de\/en\/","logo":{"@type":"ImageObject","inLanguage":"en-US","@id":"https:\/\/www.icc-m.de\/en\/#\/schema\/logo\/image\/","url":"https:\/\/www.icc-m.de\/wp-content\/uploads\/2023\/11\/Logo-russisch.jpg","contentUrl":"https:\/\/www.icc-m.de\/wp-content\/uploads\/2023\/11\/Logo-russisch.jpg","width":142,"height":142,"caption":"ICC-M Implantat Competence Centrum M\u00fcnchen"},"image":{"@id":"https:\/\/www.icc-m.de\/en\/#\/schema\/logo\/image\/"},"sameAs":["https:\/\/www.instagram.com\/implantat_competence_centrum\/"],"description":"Zahnarzt M\u00fcnchen f\u00fcr \u00c4sthetische Zahnmedizin und Implantologie auf h\u00f6chstem Niveau","email":"service@icc-m.de","telephone":"+49 89 25544470","legalName":"Gemeinschaftspraxis Cacaci & Randelzhofer Dr. med. dent. Claudio Cacaci, ZA Oralchirurgie Dr. med. dent. Peter Randelzhofer","numberOfEmployees":{"@type":"QuantitativeValue","minValue":"1","maxValue":"10"}}]}},"_links":{"self":[{"href":"https:\/\/www.icc-m.de\/en\/wp-json\/wp\/v2\/pages\/8188","targetHints":{"allow":["GET"]}}],"collection":[{"href":"https:\/\/www.icc-m.de\/en\/wp-json\/wp\/v2\/pages"}],"about":[{"href":"https:\/\/www.icc-m.de\/en\/wp-json\/wp\/v2\/types\/page"}],"author":[{"embeddable":true,"href":"https:\/\/www.icc-m.de\/en\/wp-json\/wp\/v2\/users\/1"}],"replies":[{"embeddable":true,"href":"https:\/\/www.icc-m.de\/en\/wp-json\/wp\/v2\/comments?post=8188"}],"version-history":[{"count":17,"href":"https:\/\/www.icc-m.de\/en\/wp-json\/wp\/v2\/pages\/8188\/revisions"}],"predecessor-version":[{"id":10617,"href":"https:\/\/www.icc-m.de\/en\/wp-json\/wp\/v2\/pages\/8188\/revisions\/10617"}],"wp:attachment":[{"href":"https:\/\/www.icc-m.de\/en\/wp-json\/wp\/v2\/media?parent=8188"}],"curies":[{"name":"wp","href":"https:\/\/api.w.org\/{rel}","templated":true}]}}