{"id":8209,"date":"2024-03-16T18:30:31","date_gmt":"2024-03-16T18:30:31","guid":{"rendered":"http:\/\/icc-m.btvi-marketing-consultants.de\/?page_id=8209"},"modified":"2024-11-04T12:19:06","modified_gmt":"2024-11-04T12:19:06","slug":"tour","status":"publish","type":"page","link":"https:\/\/www.icc-m.de\/it\/tour\/","title":{"rendered":"Tour"},"content":{"rendered":"\t\t<div data-elementor-type=\"wp-page\" data-elementor-id=\"8209\" class=\"elementor elementor-8209 elementor-2877\" data-elementor-post-type=\"page\">\n\t\t\t\t\t\t<section class=\"elementor-section elementor-top-section elementor-element elementor-element-a5ca217 elementor-section-boxed elementor-section-height-default elementor-section-height-default\" data-id=\"a5ca217\" data-element_type=\"section\" data-e-type=\"section\">\n\t\t\t\t\t\t<div class=\"elementor-container elementor-column-gap-default\">\n\t\t\t\t\t<div class=\"elementor-column elementor-col-100 elementor-top-column elementor-element elementor-element-67dd534\" data-id=\"67dd534\" data-element_type=\"column\" data-e-type=\"column\">\n\t\t\t<div class=\"elementor-widget-wrap elementor-element-populated\">\n\t\t\t\t\t\t<section class=\"elementor-section elementor-inner-section elementor-element elementor-element-0bc1b39 elementor-section-boxed elementor-section-height-default elementor-section-height-default\" data-id=\"0bc1b39\" data-element_type=\"section\" data-e-type=\"section\">\n\t\t\t\t\t\t<div class=\"elementor-container elementor-column-gap-default\">\n\t\t\t\t\t<div class=\"elementor-column elementor-col-100 elementor-inner-column elementor-element elementor-element-ee0d3f0\" data-id=\"ee0d3f0\" data-element_type=\"column\" data-e-type=\"column\">\n\t\t\t<div class=\"elementor-widget-wrap elementor-element-populated\">\n\t\t\t\t\t\t<div class=\"elementor-element elementor-element-f4e1eb1 elementor-widget elementor-widget-spacer\" data-id=\"f4e1eb1\" data-element_type=\"widget\" data-e-type=\"widget\" data-widget_type=\"spacer.default\">\n\t\t\t\t<div class=\"elementor-widget-container\">\n\t\t\t\t\t\t\t<div class=\"elementor-spacer\">\n\t\t\t<div class=\"elementor-spacer-inner\"><\/div>\n\t\t<\/div>\n\t\t\t\t\t\t<\/div>\n\t\t\t\t<\/div>\n\t\t\t\t<div class=\"elementor-element elementor-element-ce4dc25 elementor-widget elementor-widget-heading\" data-id=\"ce4dc25\" data-element_type=\"widget\" data-e-type=\"widget\" data-widget_type=\"heading.default\">\n\t\t\t\t<div class=\"elementor-widget-container\">\n\t\t\t\t\t<h1 class=\"elementor-heading-title elementor-size-default\">Visita il nostro studio dentistico a Monaco di Baviera<\/h1>\t\t\t\t<\/div>\n\t\t\t\t<\/div>\n\t\t\t\t<div class=\"elementor-element elementor-element-399e78b elementor-widget elementor-widget-html\" data-id=\"399e78b\" data-element_type=\"widget\" data-e-type=\"widget\" data-widget_type=\"html.default\">\n\t\t\t\t<div class=\"elementor-widget-container\">\n\t\t\t\t\t<div id=\"google_tour\"><\/div>\t\t\t\t<\/div>\n\t\t\t\t<\/div>\n\t\t\t\t<div class=\"elementor-element elementor-element-255f4ae elementor-widget elementor-widget-shortcode\" data-id=\"255f4ae\" data-element_type=\"widget\" data-e-type=\"widget\" data-widget_type=\"shortcode.default\">\n\t\t\t\t<div class=\"elementor-widget-container\">\n\t\t\t\t\t\t\t<div class=\"elementor-shortcode\"> <div class=\"brlbs-cmpnt-container brlbs-cmpnt-content-blocker brlbs-cmpnt-with-individual-styles\" data-borlabs-cookie-content-blocker-id=\"default\" data-borlabs-cookie-content=\"\"><div class=\"brlbs-cmpnt-cb-preset-a\"> <p class=\"brlbs-cmpnt-cb-description\">Stai visualizzando un contenuto segnaposto da <strong>Predefinito<\/strong>. Per accedere al contenuto effettivo, clicca sul pulsante sottostante. Si prega di notare che in questo modo si condividono i dati con provider di terze parti.<\/p> <div class=\"brlbs-cmpnt-cb-buttons\"> <a class=\"brlbs-cmpnt-cb-btn\" href=\"#\" data-borlabs-cookie-unblock role=\"button\">Sblocca i contenuti<\/a> <a class=\"brlbs-cmpnt-cb-btn\" href=\"#\" data-borlabs-cookie-accept-service role=\"button\" style=\"display: none\">Accetta il servizio richiesto e sblocca i contenuti<\/a> <\/div> <a class=\"brlbs-cmpnt-cb-provider-toggle\" href=\"#\" data-borlabs-cookie-show-provider-information role=\"button\">Ulteriori informazioni<\/a> <\/div><\/div><\/div>\n\t\t\t\t\t\t<\/div>\n\t\t\t\t<\/div>\n\t\t\t\t<div class=\"elementor-element elementor-element-b4608f1 elementor-widget elementor-widget-spacer\" data-id=\"b4608f1\" data-element_type=\"widget\" data-e-type=\"widget\" data-widget_type=\"spacer.default\">\n\t\t\t\t<div class=\"elementor-widget-container\">\n\t\t\t\t\t\t\t<div class=\"elementor-spacer\">\n\t\t\t<div class=\"elementor-spacer-inner\"><\/div>\n\t\t<\/div>\n\t\t\t\t\t\t<\/div>\n\t\t\t\t<\/div>\n\t\t\t\t\t<\/div>\n\t\t<\/div>\n\t\t\t\t\t<\/div>\n\t\t<\/section>\n\t\t\t\t\t<\/div>\n\t\t<\/div>\n\t\t\t\t\t<\/div>\n\t\t<\/section>\n\t\t\t\t<\/div>\n\t\t","protected":false},"excerpt":{"rendered":"<p>Visita il nostro studio dentistico a Monaco di Baviera<\/p>\n","protected":false},"author":1,"featured_media":0,"parent":0,"menu_order":0,"comment_status":"closed","ping_status":"closed","template":"","meta":{"inline_featured_image":false,"footnotes":""},"class_list":["post-8209","page","type-page","status-publish","hentry"],"yoast_head":"<!-- This site is optimized with the Yoast SEO Premium plugin v27.3 (Yoast SEO v27.3) - https:\/\/yoast.com\/product\/yoast-seo-premium-wordpress\/ -->\n<title>Tour | ICC-M Zahnarzt M\u00fcnchen Zentrum<\/title>\n<meta name=\"description\" content=\"Visita il nostro studio dentistico a Monaco di Baviera.\" \/>\n<meta name=\"robots\" content=\"index, follow, max-snippet:-1, max-image-preview:large, max-video-preview:-1\" \/>\n<link rel=\"canonical\" href=\"https:\/\/www.icc-m.de\/it\/tour\/\" \/>\n<meta property=\"og:locale\" content=\"it_IT\" \/>\n<meta property=\"og:type\" content=\"article\" \/>\n<meta property=\"og:title\" content=\"Tour\" \/>\n<meta property=\"og:description\" content=\"Zahnarzt M\u00fcnchen Zentrum f\u00fcr \u00c4sthetische Zahnmedizin und Implantologie Dr. Cacaci &amp; Dr. Randelzhofer\" \/>\n<meta property=\"og:url\" content=\"https:\/\/www.icc-m.de\/it\/tour\/\" \/>\n<meta property=\"og:site_name\" content=\"ICC-M Zahnarzt M\u00fcnchen Zentrum\" \/>\n<meta property=\"article:modified_time\" content=\"2024-11-04T12:19:06+00:00\" \/>\n<meta property=\"og:image\" content=\"https:\/\/www.icc-m.de\/wp-content\/uploads\/2024\/07\/DSC02546.jpg\" \/>\n\t<meta property=\"og:image:width\" content=\"1200\" \/>\n\t<meta property=\"og:image:height\" content=\"800\" \/>\n\t<meta property=\"og:image:type\" content=\"image\/jpeg\" \/>\n<meta name=\"twitter:card\" content=\"summary_large_image\" \/>\n<meta name=\"twitter:label1\" content=\"Tempo di lettura stimato\" \/>\n\t<meta name=\"twitter:data1\" content=\"1 minuto\" \/>\n<script type=\"application\/ld+json\" class=\"yoast-schema-graph\">{\"@context\":\"https:\\\/\\\/schema.org\",\"@graph\":[{\"@type\":\"WebPage\",\"@id\":\"https:\\\/\\\/www.icc-m.de\\\/it\\\/tour\\\/\",\"url\":\"https:\\\/\\\/www.icc-m.de\\\/it\\\/tour\\\/\",\"name\":\"Tour | ICC-M Zahnarzt M\u00fcnchen Zentrum\",\"isPartOf\":{\"@id\":\"https:\\\/\\\/www.icc-m.de\\\/it\\\/#website\"},\"datePublished\":\"2024-03-16T18:30:31+00:00\",\"dateModified\":\"2024-11-04T12:19:06+00:00\",\"description\":\"Visita il nostro studio dentistico a Monaco di Baviera.\",\"breadcrumb\":{\"@id\":\"https:\\\/\\\/www.icc-m.de\\\/it\\\/tour\\\/#breadcrumb\"},\"inLanguage\":\"it-IT\",\"potentialAction\":[{\"@type\":\"ReadAction\",\"target\":[\"https:\\\/\\\/www.icc-m.de\\\/it\\\/tour\\\/\"]}]},{\"@type\":\"BreadcrumbList\",\"@id\":\"https:\\\/\\\/www.icc-m.de\\\/it\\\/tour\\\/#breadcrumb\",\"itemListElement\":[{\"@type\":\"ListItem\",\"position\":1,\"name\":\"Home\",\"item\":\"https:\\\/\\\/www.icc-m.de\\\/it\\\/\"},{\"@type\":\"ListItem\",\"position\":2,\"name\":\"Tour\"}]},{\"@type\":\"WebSite\",\"@id\":\"https:\\\/\\\/www.icc-m.de\\\/it\\\/#website\",\"url\":\"https:\\\/\\\/www.icc-m.de\\\/it\\\/\",\"name\":\"ICC-M Zahnarzt M\u00fcnchen Zentrum\",\"description\":\"Zahnarzt M\u00fcnchen Zentrum f\u00fcr \u00c4sthetische Zahnmedizin und Implantologie Dr. Cacaci &amp; Dr. Randelzhofer\",\"publisher\":{\"@id\":\"https:\\\/\\\/www.icc-m.de\\\/it\\\/#organization\"},\"alternateName\":\"ICC-M Zahnarzt M\u00fcnchen Zentrum\",\"potentialAction\":[{\"@type\":\"SearchAction\",\"target\":{\"@type\":\"EntryPoint\",\"urlTemplate\":\"https:\\\/\\\/www.icc-m.de\\\/it\\\/?s={search_term_string}\"},\"query-input\":{\"@type\":\"PropertyValueSpecification\",\"valueRequired\":true,\"valueName\":\"search_term_string\"}}],\"inLanguage\":\"it-IT\"},{\"@type\":\"Organization\",\"@id\":\"https:\\\/\\\/www.icc-m.de\\\/it\\\/#organization\",\"name\":\"ICC-M Implantat Competence Centrum M\u00fcnchen\",\"alternateName\":\"ICC-M\",\"url\":\"https:\\\/\\\/www.icc-m.de\\\/it\\\/\",\"logo\":{\"@type\":\"ImageObject\",\"inLanguage\":\"it-IT\",\"@id\":\"https:\\\/\\\/www.icc-m.de\\\/it\\\/#\\\/schema\\\/logo\\\/image\\\/\",\"url\":\"https:\\\/\\\/www.icc-m.de\\\/wp-content\\\/uploads\\\/2023\\\/11\\\/Logo-russisch.jpg\",\"contentUrl\":\"https:\\\/\\\/www.icc-m.de\\\/wp-content\\\/uploads\\\/2023\\\/11\\\/Logo-russisch.jpg\",\"width\":142,\"height\":142,\"caption\":\"ICC-M Implantat Competence Centrum M\u00fcnchen\"},\"image\":{\"@id\":\"https:\\\/\\\/www.icc-m.de\\\/it\\\/#\\\/schema\\\/logo\\\/image\\\/\"},\"sameAs\":[\"https:\\\/\\\/www.instagram.com\\\/implantat_competence_centrum\\\/\"],\"description\":\"Zahnarzt M\u00fcnchen f\u00fcr \u00c4sthetische Zahnmedizin und Implantologie auf h\u00f6chstem Niveau\",\"email\":\"service@icc-m.de\",\"telephone\":\"+49 89 25544470\",\"legalName\":\"Gemeinschaftspraxis Cacaci & Randelzhofer Dr. med. dent. Claudio Cacaci, ZA Oralchirurgie Dr. med. dent. Peter Randelzhofer\",\"numberOfEmployees\":{\"@type\":\"QuantitativeValue\",\"minValue\":\"1\",\"maxValue\":\"10\"}}]}<\/script>\n<!-- \/ Yoast SEO Premium plugin. -->","yoast_head_json":{"title":"Tour | ICC-M Zahnarzt M\u00fcnchen Zentrum","description":"Visita il nostro studio dentistico a Monaco di Baviera.","robots":{"index":"index","follow":"follow","max-snippet":"max-snippet:-1","max-image-preview":"max-image-preview:large","max-video-preview":"max-video-preview:-1"},"canonical":"https:\/\/www.icc-m.de\/it\/tour\/","og_locale":"it_IT","og_type":"article","og_title":"Tour","og_description":"Zahnarzt M\u00fcnchen Zentrum f\u00fcr \u00c4sthetische Zahnmedizin und Implantologie Dr. Cacaci & Dr. Randelzhofer","og_url":"https:\/\/www.icc-m.de\/it\/tour\/","og_site_name":"ICC-M Zahnarzt M\u00fcnchen Zentrum","article_modified_time":"2024-11-04T12:19:06+00:00","og_image":[{"width":1200,"height":800,"url":"https:\/\/www.icc-m.de\/wp-content\/uploads\/2024\/07\/DSC02546.jpg","type":"image\/jpeg"}],"twitter_card":"summary_large_image","twitter_misc":{"Tempo di lettura stimato":"1 minuto"},"schema":{"@context":"https:\/\/schema.org","@graph":[{"@type":"WebPage","@id":"https:\/\/www.icc-m.de\/it\/tour\/","url":"https:\/\/www.icc-m.de\/it\/tour\/","name":"Tour | ICC-M Zahnarzt M\u00fcnchen Zentrum","isPartOf":{"@id":"https:\/\/www.icc-m.de\/it\/#website"},"datePublished":"2024-03-16T18:30:31+00:00","dateModified":"2024-11-04T12:19:06+00:00","description":"Visita il nostro studio dentistico a Monaco di Baviera.","breadcrumb":{"@id":"https:\/\/www.icc-m.de\/it\/tour\/#breadcrumb"},"inLanguage":"it-IT","potentialAction":[{"@type":"ReadAction","target":["https:\/\/www.icc-m.de\/it\/tour\/"]}]},{"@type":"BreadcrumbList","@id":"https:\/\/www.icc-m.de\/it\/tour\/#breadcrumb","itemListElement":[{"@type":"ListItem","position":1,"name":"Home","item":"https:\/\/www.icc-m.de\/it\/"},{"@type":"ListItem","position":2,"name":"Tour"}]},{"@type":"WebSite","@id":"https:\/\/www.icc-m.de\/it\/#website","url":"https:\/\/www.icc-m.de\/it\/","name":"ICC-M Zahnarzt M\u00fcnchen Zentrum","description":"Zahnarzt M\u00fcnchen Zentrum f\u00fcr \u00c4sthetische Zahnmedizin und Implantologie Dr. Cacaci &amp; Dr. Randelzhofer","publisher":{"@id":"https:\/\/www.icc-m.de\/it\/#organization"},"alternateName":"ICC-M Zahnarzt M\u00fcnchen Zentrum","potentialAction":[{"@type":"SearchAction","target":{"@type":"EntryPoint","urlTemplate":"https:\/\/www.icc-m.de\/it\/?s={search_term_string}"},"query-input":{"@type":"PropertyValueSpecification","valueRequired":true,"valueName":"search_term_string"}}],"inLanguage":"it-IT"},{"@type":"Organization","@id":"https:\/\/www.icc-m.de\/it\/#organization","name":"ICC-M Implantat Competence Centrum M\u00fcnchen","alternateName":"ICC-M","url":"https:\/\/www.icc-m.de\/it\/","logo":{"@type":"ImageObject","inLanguage":"it-IT","@id":"https:\/\/www.icc-m.de\/it\/#\/schema\/logo\/image\/","url":"https:\/\/www.icc-m.de\/wp-content\/uploads\/2023\/11\/Logo-russisch.jpg","contentUrl":"https:\/\/www.icc-m.de\/wp-content\/uploads\/2023\/11\/Logo-russisch.jpg","width":142,"height":142,"caption":"ICC-M Implantat Competence Centrum M\u00fcnchen"},"image":{"@id":"https:\/\/www.icc-m.de\/it\/#\/schema\/logo\/image\/"},"sameAs":["https:\/\/www.instagram.com\/implantat_competence_centrum\/"],"description":"Zahnarzt M\u00fcnchen f\u00fcr \u00c4sthetische Zahnmedizin und Implantologie auf h\u00f6chstem Niveau","email":"service@icc-m.de","telephone":"+49 89 25544470","legalName":"Gemeinschaftspraxis Cacaci & Randelzhofer Dr. med. dent. Claudio Cacaci, ZA Oralchirurgie Dr. med. dent. Peter Randelzhofer","numberOfEmployees":{"@type":"QuantitativeValue","minValue":"1","maxValue":"10"}}]}},"_links":{"self":[{"href":"https:\/\/www.icc-m.de\/it\/wp-json\/wp\/v2\/pages\/8209","targetHints":{"allow":["GET"]}}],"collection":[{"href":"https:\/\/www.icc-m.de\/it\/wp-json\/wp\/v2\/pages"}],"about":[{"href":"https:\/\/www.icc-m.de\/it\/wp-json\/wp\/v2\/types\/page"}],"author":[{"embeddable":true,"href":"https:\/\/www.icc-m.de\/it\/wp-json\/wp\/v2\/users\/1"}],"replies":[{"embeddable":true,"href":"https:\/\/www.icc-m.de\/it\/wp-json\/wp\/v2\/comments?post=8209"}],"version-history":[{"count":11,"href":"https:\/\/www.icc-m.de\/it\/wp-json\/wp\/v2\/pages\/8209\/revisions"}],"predecessor-version":[{"id":10620,"href":"https:\/\/www.icc-m.de\/it\/wp-json\/wp\/v2\/pages\/8209\/revisions\/10620"}],"wp:attachment":[{"href":"https:\/\/www.icc-m.de\/it\/wp-json\/wp\/v2\/media?parent=8209"}],"curies":[{"name":"wp","href":"https:\/\/api.w.org\/{rel}","templated":true}]}}